{"id":3822,"date":"2026-03-18T20:53:31","date_gmt":"2026-03-19T01:53:31","guid":{"rendered":"https:\/\/profaunasilvestre.com\/willaykusayki\/"},"modified":"2026-04-08T18:04:16","modified_gmt":"2026-04-08T23:04:16","slug":"willaykusayki","status":"publish","type":"page","link":"https:\/\/profaunasilvestre.com\/en\/willaykusayki\/","title":{"rendered":"WILLAYKUSAYKI"},"content":{"rendered":"<div class=\"wp-block-stackable-columns alignwide stk-block-columns stk-block stk-64fe829\" data-block-id=\"64fe829\"><style>.stk-64fe829 {min-height:400px !important;align-items:center !important;padding-top:44px !important;padding-right:44px !important;padding-bottom:44px !important;padding-left:44px !important;margin-bottom:-82px !important;display:flex !important;}.stk-64fe829-column{max-width:1500px !important;min-width:auto !important;margin-right:auto !important;margin-left:auto !important;}<\/style><div class=\"stk-row stk-inner-blocks stk-block-content stk-content-align stk-64fe829-column alignwide\">\n<div class=\"wp-block-stackable-column stk-block-column stk-column stk-block stk-16c2717\" data-v=\"4\" data-block-id=\"16c2717\"><style>.stk-16c2717 {margin-bottom:111px !important;}<\/style><div class=\"stk-column-wrapper stk-block-column__content stk-container stk-16c2717-container stk--no-background stk--no-padding\"><div class=\"stk-block-content stk-inner-blocks stk-16c2717-inner-blocks\">\n<div class=\"wp-block-stackable-image stk-block-image stk-block stk-0bfbe0d\" data-block-id=\"0bfbe0d\"><style>.stk-0bfbe0d .stk-img-wrapper{width:50% !important;height:115px !important;}.stk-0bfbe0d .stk-img-wrapper img{object-fit:contain !important;}<\/style><figure><span class=\"stk-img-wrapper stk-image--shape-stretch\"><img loading=\"lazy\" decoding=\"async\" class=\"stk-img wp-image-953\" src=\"http:\/\/profaunasilvestre.com\/wp-content\/uploads\/2025\/04\/logo-willaykusaki-letras-blancas.png\" width=\"2477\" height=\"721\" srcset=\"https:\/\/profaunasilvestre.com\/wp-content\/uploads\/2025\/04\/logo-willaykusaki-letras-blancas.png 2477w, https:\/\/profaunasilvestre.com\/wp-content\/uploads\/2025\/04\/logo-willaykusaki-letras-blancas-600x175.png 600w, https:\/\/profaunasilvestre.com\/wp-content\/uploads\/2025\/04\/logo-willaykusaki-letras-blancas-300x87.png 300w, https:\/\/profaunasilvestre.com\/wp-content\/uploads\/2025\/04\/logo-willaykusaki-letras-blancas-1024x298.png 1024w, https:\/\/profaunasilvestre.com\/wp-content\/uploads\/2025\/04\/logo-willaykusaki-letras-blancas-768x224.png 768w, https:\/\/profaunasilvestre.com\/wp-content\/uploads\/2025\/04\/logo-willaykusaki-letras-blancas-1536x447.png 1536w, https:\/\/profaunasilvestre.com\/wp-content\/uploads\/2025\/04\/logo-willaykusaki-letras-blancas-2048x596.png 2048w\" sizes=\"auto, (max-width: 2477px) 100vw, 2477px\" \/><\/span><\/figure><\/div>\n\n\n\n<blockquote class=\"wp-block-stackable-blockquote stk-block-blockquote stk-block stk-4dfa174 is-style-simple\" data-v=\"2\" data-block-id=\"4dfa174\"><div class=\"has-text-align-left stk-block-blockquote__content stk-container stk-4dfa174-container stk--no-background stk--no-padding\"><div class=\"stk-block-content stk-inner-blocks\">\n<div class=\"wp-block-stackable-icon stk-block-icon stk-block stk-f263d6a\" data-block-id=\"f263d6a\"><style>.stk-f263d6a {top:-50px !important;left:-50px !important;position:absolute !important;opacity:0.2 !important;}.stk-f263d6a .stk--svg-wrapper .stk--inner-svg svg:last-child{height:200px !important;width:200px !important;}<\/style><span class=\"stk--svg-wrapper\"><div class=\"stk--inner-svg\"><svg style=\"height:0;width:0\"><defs><lineargradient id=\"linear-gradient-f263d6a\" x1=\"0\" x2=\"100%\" y1=\"0\" y2=\"0\"><stop offset=\"0%\" style=\"stop-opacity:1;stop-color:var(--linear-gradient-f-263-d-6-a-color-1)\"><\/stop><stop offset=\"100%\" style=\"stop-opacity:1;stop-color:var(--linear-gradient-f-263-d-6-a-color-2)\"><\/stop><\/lineargradient><\/defs><\/svg><svg xmlns=\"http:\/\/www.w3.org\/2000\/svg\" viewbox=\"0 0 50 50\" aria-hidden=\"true\" width=\"32\" height=\"32\"><path d=\"M19.8 9.3C10.5 11.8 4.6 17 2.1 24.8c2.3-3.6 5.6-5.4 9.9-5.4 3.3 0 6 1.1 8.3 3.3 2.2 2.2 3.4 5 3.4 8.3 0 3.2-1.1 5.8-3.3 8-2.2 2.2-5.1 3.2-8.7 3.2-3.7 0-6.5-1.2-8.6-3.5C1 36.3 0 33.1 0 29 0 18.3 6.5 11.2 19.6 7.9l.2 1.4zm26.4 0C36.9 11.9 31 17 28.5 24.8c2.2-3.6 5.5-5.4 9.8-5.4 3.2 0 6 1.1 8.3 3.2 2.3 2.2 3.4 4.9 3.4 8.3 0 3.1-1.1 5.8-3.3 7.9-2.2 2.2-5.1 3.3-8.6 3.3-3.7 0-6.6-1.1-8.6-3.4-2.1-2.3-3.1-5.5-3.1-9.7 0-10.7 6.6-17.8 19.7-21.1l.1 1.4z\"><\/path><\/svg><\/div><\/span><\/div>\n\n\n\n<div class=\"wp-block-stackable-text stk-block-text stk-block stk-104e696\" data-block-id=\"104e696\"><style>.stk-104e696 .stk-block-text__text{font-size:20px !important;color:var(--theme-palette-color-6, #02121d) !important;line-height:1.6em !important;font-weight:400 !important;font-family:-apple-system, BlinkMacSystemFont, \"Segoe UI\", Roboto, Helvetica, Arial, sans-serif, \"Apple Color Emoji\", \"Segoe UI Emoji\", \"Segoe UI Symbol\" !important;}@media screen and (max-width:999px){.stk-104e696 .stk-block-text__text{font-size:20px !important;}}<\/style><p class=\"stk-block-text__text has-text-color has-text-align-center\">La <strong>Asociaci\u00f3n Pro Fauna Silvestre<\/strong>, Ayacucho implementa el<strong> Programa de Educaci\u00f3n Ambiental \u201cWillaykusayki, Hablemos sobre ciencia y biodiversidad\u201d<\/strong>, como una actividad que busca complementar la educaci\u00f3n y difusi\u00f3n de informaci\u00f3n en las comunidades campesinas, a las personas adultas y ni\u00f1os de los diferentes niveles de educaci\u00f3n, donde se<strong> difundir\u00e1 sobre la diversidad biol\u00f3gica que albergan estas comunidades, su aprovechamiento y conservaci\u00f3n<\/strong>, as\u00ed como, el sustento cient\u00edfico de los servicios ambientales que brinda.<\/p><\/div>\n<\/div><\/div><\/blockquote>\n<\/div><\/div><\/div>\n<\/div><\/div>\n\n\n\n<div class=\"wp-block-stackable-columns alignwide stk-block-columns stk-block stk-763009c stk-block-background\" data-block-id=\"763009c\"><style>.stk-763009c {background-color:#f2f2e1 !important;align-items:center !important;margin-bottom:30px !important;display:flex !important;}.stk-763009c:before{background-color:#f2f2e1 !important;}.stk-763009c-column{max-width:1329px !important;min-width:auto !important;--stk-columns-spacing:46px !important;flex-wrap:wrap !important;--stk-flex-grow:0 !important;}<\/style><div class=\"stk-row stk-inner-blocks stk-block-content stk-content-align stk-763009c-column alignwide\">\n<div class=\"wp-block-stackable-column stk-block-column stk-column stk-block stk-ebddfdf\" data-v=\"4\" data-block-id=\"ebddfdf\"><style>@media screen and (min-width:690px){.stk-ebddfdf {flex:var(--stk-flex-grow, 1) 1 calc(51% - var(--stk-column-gap, 0px) * 1 \/ 2 ) !important;}}<\/style><div class=\"stk-column-wrapper stk-block-column__content stk-container stk-ebddfdf-container stk--no-background stk--no-padding\"><div class=\"stk-block-content stk-inner-blocks stk-ebddfdf-inner-blocks\">\n<div class=\"wp-block-stackable-image stk-block-image stk-block stk-ed5c134\" data-block-id=\"ed5c134\"><style>.stk-ed5c134 .stk-img-wrapper{width:110% !important;height:430px !important;--stk-gradient-overlay:0.2 !important;}<\/style><figure><span class=\"stk-img-wrapper stk-image--shape-stretch\"><img loading=\"lazy\" decoding=\"async\" class=\"stk-img wp-image-4031\" src=\"http:\/\/profaunasilvestre.com\/wp-content\/uploads\/2026\/03\/Sin-titulo-2-1-1.png\" width=\"1182\" height=\"971\" srcset=\"https:\/\/profaunasilvestre.com\/wp-content\/uploads\/2026\/03\/Sin-titulo-2-1-1.png 1182w, https:\/\/profaunasilvestre.com\/wp-content\/uploads\/2026\/03\/Sin-titulo-2-1-1-300x246.png 300w, https:\/\/profaunasilvestre.com\/wp-content\/uploads\/2026\/03\/Sin-titulo-2-1-1-1024x841.png 1024w, https:\/\/profaunasilvestre.com\/wp-content\/uploads\/2026\/03\/Sin-titulo-2-1-1-768x631.png 768w, https:\/\/profaunasilvestre.com\/wp-content\/uploads\/2026\/03\/Sin-titulo-2-1-1-15x12.png 15w, https:\/\/profaunasilvestre.com\/wp-content\/uploads\/2026\/03\/Sin-titulo-2-1-1-600x493.png 600w\" sizes=\"auto, (max-width: 1182px) 100vw, 1182px\" \/><\/span><\/figure><\/div>\n<\/div><\/div><\/div>\n\n\n\n<div class=\"wp-block-stackable-column stk-block-column stk-column stk-block stk-f5bf91e\" data-v=\"4\" data-block-id=\"f5bf91e\"><style>.stk-f5bf91e {align-self:center !important;}.stk-f5bf91e-container{min-height:0px !important;padding-top:40px !important;padding-right:40px !important;padding-bottom:40px !important;padding-left:40px !important;}@media screen and (min-width:690px){.stk-f5bf91e {flex:var(--stk-flex-grow, 1) 1 calc(49% - var(--stk-column-gap, 0px) * 1 \/ 2 ) !important;}}<\/style><div class=\"stk-column-wrapper stk-block-column__content stk-container stk-f5bf91e-container stk--no-background stk--no-padding\"><div class=\"stk-block-content stk-inner-blocks stk-f5bf91e-inner-blocks\">\n<div class=\"wp-block-stackable-heading stk-block-heading stk-block-heading--v2 stk-block stk-302b9b3\" id=\"heading-placeholder\" data-block-id=\"302b9b3\"><style>.stk-302b9b3 .stk-block-heading__text{line-height:1.3em !important;font-family:\"lora\", Sans-serif !important;}<\/style><h4 class=\"stk-block-heading__text\"><strong>Willaykusayki&nbsp;en el&nbsp;diario Jornada&nbsp;de Ayacucho<\/strong><\/h4><\/div>\n\n\n\n<div class=\"wp-block-stackable-text stk-block-text stk-block stk-d17109a\" data-block-id=\"d17109a\"><style>.stk-d17109a .stk-block-text__text{color:var(--theme-palette-color-6, #02121d) !important;line-height:1.5em !important;font-weight:400 !important;font-family:-apple-system, BlinkMacSystemFont, \"Segoe UI\", Roboto, Helvetica, Arial, sans-serif, \"Apple Color Emoji\", \"Segoe UI Emoji\", \"Segoe UI Symbol\" !important;}<\/style><p class=\"stk-block-text__text has-text-color\">El diario Jornada de Ayacucho y la Asociaci\u00f3n Pro Fauna Silvestre juntan esfuerzos para difundir informaci\u00f3n sobre ciencia y biodiversidad, publicando quincenalmente en su edici\u00f3n impresa y virtual.<\/p><\/div>\n\n\n\n<div class=\"wp-block-stackable-button-group stk-block-button-group stk-block stk-09e2621\" data-block-id=\"09e2621\"><div class=\"stk-row stk-inner-blocks stk-block-content stk-button-group\">\n<div class=\"wp-block-stackable-button stk-block-button stk-block stk-9b916cb\" data-block-id=\"9b916cb\"><style>.stk-9b916cb .stk-button{background:#16438b !important;}<\/style><a class=\"stk-link stk-button stk--hover-effect-darken\" href=\"https:\/\/profaunasilvestre.com\/notas-periodisticas\/\"><span class=\"stk-button__inner-text\"><strong>Ediciones<\/strong><\/span><\/a><\/div>\n<\/div><\/div>\n<\/div><\/div><\/div>\n<\/div><\/div>\n\n\n\n<div class=\"wp-block-stackable-columns alignwide stk-block-columns stk-block stk-cae8721 stk-block-background\" data-block-id=\"cae8721\"><style>.stk-cae8721 {background-color:#f2f2e1 !important;align-items:center !important;display:flex !important;}.stk-cae8721:before{background-color:#f2f2e1 !important;}.stk-cae8721-column{max-width:1329px !important;min-width:auto !important;--stk-columns-spacing:46px !important;flex-wrap:wrap !important;--stk-flex-grow:0 !important;}<\/style><div class=\"stk-row stk-inner-blocks stk-block-content stk-content-align stk-cae8721-column alignwide\">\n<div class=\"wp-block-stackable-column stk-block-column stk-column stk-block stk-a206233\" data-v=\"4\" data-block-id=\"a206233\"><style>.stk-a206233 {align-self:center !important;}.stk-a206233-container{min-height:0px !important;padding-top:40px !important;padding-right:40px !important;padding-bottom:40px !important;padding-left:40px !important;}@media screen and (min-width:690px){.stk-a206233 {flex:var(--stk-flex-grow, 1) 1 calc(49% - var(--stk-column-gap, 0px) * 1 \/ 2 ) !important;}}<\/style><div class=\"stk-column-wrapper stk-block-column__content stk-container stk-a206233-container stk--no-background stk--no-padding\"><div class=\"stk-block-content stk-inner-blocks stk-a206233-inner-blocks\">\n<div class=\"wp-block-stackable-heading stk-block-heading stk-block-heading--v2 stk-block stk-d640deb\" id=\"heading-placeholder\" data-block-id=\"d640deb\"><style>.stk-d640deb .stk-block-heading__text{line-height:1.3em !important;font-family:\"lora\", Sans-serif !important;}<\/style><h4 class=\"stk-block-heading__text\"><strong>Willaykusayki Podcast: divulgaci\u00f3n cient\u00edfica para conservar<\/strong><\/h4><\/div>\n\n\n\n<div class=\"wp-block-stackable-text stk-block-text stk-block stk-f43d400\" data-block-id=\"f43d400\"><style>.stk-f43d400 .stk-block-text__text{color:var(--theme-palette-color-6, #02121d) !important;line-height:1.5em !important;font-weight:400 !important;font-family:-apple-system, BlinkMacSystemFont, \"Segoe UI\", Roboto, Helvetica, Arial, sans-serif, \"Apple Color Emoji\", \"Segoe UI Emoji\", \"Segoe UI Symbol\" !important;}<\/style><p class=\"stk-block-text__text has-text-color\">Integramos ciencia y saberes ancestrales para fortalecer la conservaci\u00f3n de la biodiversidad y el bienestar colectivo a trav\u00e9s del intercambio de conocimientos.<\/p><\/div>\n\n\n\n<div class=\"wp-block-stackable-button-group stk-block-button-group stk-block stk-3f71e12\" data-block-id=\"3f71e12\"><div class=\"stk-row stk-inner-blocks stk-block-content stk-button-group\">\n<div class=\"wp-block-stackable-button stk-block-button stk-block stk-574ef0f\" data-block-id=\"574ef0f\"><style>.stk-574ef0f .stk-button{background:var(--theme-palette-color-5, #74bd53) !important;}<\/style><a class=\"stk-link stk-button stk--hover-effect-darken\" href=\"https:\/\/profaunasilvestre.com\/podcast\/\"><span class=\"stk-button__inner-text\"><strong>Episodios<\/strong><\/span><\/a><\/div>\n<\/div><\/div>\n<\/div><\/div><\/div>\n\n\n\n<div class=\"wp-block-stackable-column stk-block-column stk-column stk-block stk-580e0d9\" data-v=\"4\" data-block-id=\"580e0d9\"><style>@media screen and (min-width:690px){.stk-580e0d9 {flex:var(--stk-flex-grow, 1) 1 calc(51% - var(--stk-column-gap, 0px) * 1 \/ 2 ) !important;}}<\/style><div class=\"stk-column-wrapper stk-block-column__content stk-container stk-580e0d9-container stk--no-background stk--no-padding\"><div class=\"stk-block-content stk-inner-blocks stk-580e0d9-inner-blocks\">\n<div class=\"wp-block-stackable-image stk-block-image stk-block stk-e693f70\" data-block-id=\"e693f70\"><style>.stk-e693f70 .stk-img-wrapper{height:400px !important;--stk-gradient-overlay:0.2 !important;}<\/style><figure><span class=\"stk-img-wrapper stk-image--shape-stretch\"><img loading=\"lazy\" decoding=\"async\" class=\"stk-img wp-image-4032\" src=\"http:\/\/profaunasilvestre.com\/wp-content\/uploads\/2026\/03\/Sin-titulo-2-2.png\" width=\"1182\" height=\"1045\" srcset=\"https:\/\/profaunasilvestre.com\/wp-content\/uploads\/2026\/03\/Sin-titulo-2-2.png 1182w, https:\/\/profaunasilvestre.com\/wp-content\/uploads\/2026\/03\/Sin-titulo-2-2-300x265.png 300w, https:\/\/profaunasilvestre.com\/wp-content\/uploads\/2026\/03\/Sin-titulo-2-2-1024x905.png 1024w, https:\/\/profaunasilvestre.com\/wp-content\/uploads\/2026\/03\/Sin-titulo-2-2-768x679.png 768w, https:\/\/profaunasilvestre.com\/wp-content\/uploads\/2026\/03\/Sin-titulo-2-2-14x12.png 14w, https:\/\/profaunasilvestre.com\/wp-content\/uploads\/2026\/03\/Sin-titulo-2-2-600x530.png 600w\" sizes=\"auto, (max-width: 1182px) 100vw, 1182px\" \/><\/span><\/figure><\/div>\n<\/div><\/div><\/div>\n<\/div><\/div>","protected":false},"excerpt":{"rendered":"<p>La Asociaci\u00f3n Pro Fauna Silvestre, Ayacucho implementa el Programa de Educaci\u00f3n Ambiental \u201cWillaykusayki, Hablemos sobre ciencia y biodiversidad\u201d, como una actividad que busca complementar la educaci\u00f3n y difusi\u00f3n de informaci\u00f3n en las comunidades campesinas, a las personas adultas y ni\u00f1os de los diferentes niveles de educaci\u00f3n, donde se difundir\u00e1 sobre la diversidad biol\u00f3gica que albergan [&hellip;]<\/p>\n","protected":false},"author":1,"featured_media":0,"parent":0,"menu_order":0,"comment_status":"closed","ping_status":"closed","template":"","meta":{"footnotes":""},"class_list":["post-3822","page","type-page","status-publish","hentry"],"blocksy_meta":[],"_links":{"self":[{"href":"https:\/\/profaunasilvestre.com\/en\/wp-json\/wp\/v2\/pages\/3822","targetHints":{"allow":["GET"]}}],"collection":[{"href":"https:\/\/profaunasilvestre.com\/en\/wp-json\/wp\/v2\/pages"}],"about":[{"href":"https:\/\/profaunasilvestre.com\/en\/wp-json\/wp\/v2\/types\/page"}],"author":[{"embeddable":true,"href":"https:\/\/profaunasilvestre.com\/en\/wp-json\/wp\/v2\/users\/1"}],"replies":[{"embeddable":true,"href":"https:\/\/profaunasilvestre.com\/en\/wp-json\/wp\/v2\/comments?post=3822"}],"version-history":[{"count":11,"href":"https:\/\/profaunasilvestre.com\/en\/wp-json\/wp\/v2\/pages\/3822\/revisions"}],"predecessor-version":[{"id":4511,"href":"https:\/\/profaunasilvestre.com\/en\/wp-json\/wp\/v2\/pages\/3822\/revisions\/4511"}],"wp:attachment":[{"href":"https:\/\/profaunasilvestre.com\/en\/wp-json\/wp\/v2\/media?parent=3822"}],"curies":[{"name":"wp","href":"https:\/\/api.w.org\/{rel}","templated":true}]}}