{"id":3820,"date":"2026-03-18T20:46:53","date_gmt":"2026-03-19T01:46:53","guid":{"rendered":"https:\/\/profaunasilvestre.com\/proyectos\/"},"modified":"2026-03-18T21:38:23","modified_gmt":"2026-03-19T02:38:23","slug":"proyectos","status":"publish","type":"page","link":"https:\/\/profaunasilvestre.com\/en\/proyectos\/","title":{"rendered":"Proyectos"},"content":{"rendered":"<div class=\"wp-block-stackable-columns alignwide stk-block-columns stk-block stk-948158f stk-block-background stk--has-background-overlay\" data-block-id=\"948158f\"><style>.stk-948158f {background-image:url(http:\/\/profaunasilvestre.com\/wp-content\/uploads\/2025\/05\/D_vramei_2-04-05-2025-21-30-04-1.png) !important;min-height:477px !important;align-items:center !important;margin-bottom:0px !important;display:flex !important;}.stk-948158f:before{background-color:#000000 !important;opacity:0.3 !important;}<\/style><div class=\"stk-row stk-inner-blocks has-text-align-center stk-block-content stk-content-align stk-948158f-column alignwide\">\n<div class=\"wp-block-stackable-column stk-block-column stk-column stk-block stk-2564967\" data-v=\"4\" data-block-id=\"2564967\"><div class=\"stk-column-wrapper stk-block-column__content stk-container stk-2564967-container stk--no-background stk--no-padding\"><div class=\"has-text-align-center stk-block-content stk-inner-blocks stk-2564967-inner-blocks\"><\/div><\/div><\/div>\n<\/div><\/div>\n\n\n\n<div class=\"wp-block-stackable-columns alignwide stk-block-columns stk-block stk-b27b532 stk-block-background\" data-block-id=\"b27b532\"><style>.stk-b27b532 .stk--block-align-b27b532{align-items:flex-start !important;}.stk-b27b532 {background-color:#f2f2e1 !important;max-width:1500px !important;min-width:auto !important;padding-top:34px !important;padding-right:34px !important;padding-bottom:34px !important;padding-left:34px !important;}.stk-b27b532:before{background-color:#f2f2e1 !important;}.stk-b27b532-column{max-width:1173px !important;min-width:auto !important;--stk-columns-spacing:0px !important;--stk-column-gap:0px !important;row-gap:0px !important;}<\/style><div class=\"stk-row stk-inner-blocks stk--block-align-b27b532 stk-block-content stk-content-align stk-b27b532-column alignwide\">\n<div class=\"wp-block-stackable-column stk-block-column stk-column stk-block stk-5f5a40b\" data-v=\"4\" data-block-id=\"5f5a40b\"><div class=\"stk-column-wrapper stk-block-column__content stk-container stk-5f5a40b-container stk--no-background stk--no-padding\"><div class=\"has-text-align-center stk-block-content stk-inner-blocks stk-5f5a40b-inner-blocks\">\n<div class=\"wp-block-stackable-heading stk-block-heading stk-block-heading--v2 stk-block stk-a92e6f1\" id=\"heading-placeholder\" data-block-id=\"a92e6f1\"><style>.stk-a92e6f1 {margin-bottom:28px !important;}.stk-a92e6f1 .stk-block-heading__text{font-family:\"lora\", Sans-serif !important;}<\/style><h2 class=\"stk-block-heading__text\">Nuestros proyectos<\/h2><\/div>\n\n\n\n<div class=\"wp-block-stackable-text stk-block-text stk-block stk-063cc50\" data-block-id=\"063cc50\"><style>.stk-063cc50 {margin-bottom:42px !important;}.stk-063cc50 .stk-block-text__text{color:var(--theme-palette-color-6, #02121d) !important;line-height:1.5em !important;font-weight:400 !important;font-family:-apple-system, BlinkMacSystemFont, \"Segoe UI\", Roboto, Helvetica, Arial, sans-serif, \"Apple Color Emoji\", \"Segoe UI Emoji\", \"Segoe UI Symbol\" !important;}<\/style><p class=\"stk-block-text__text has-text-color\">En <strong>Pro Fauna Silvestre Ayacucho<\/strong>, venimos ejecutando proyectos estrat\u00e9gicos de <strong>conservaci\u00f3n, monitoreo y educaci\u00f3n ambiental<\/strong>. Por ahora, centramos nuestras acciones en las regiones de <strong>Ayacucho y Huancavelica<\/strong>, donde trabajamos de la mano con las comunidades locales para proteger los ecosistemas, especies y recursos naturales, integrando el conocimiento cient\u00edfico con la participaci\u00f3n ciudadana.<\/p><\/div>\n\n\n\n<div class=\"wp-block-stackable-columns stk-block-columns stk-block stk-9f8db0b\" data-block-id=\"9f8db0b\"><style>.stk-9f8db0b-column{--stk-columns-spacing:0px !important;}<\/style><div class=\"stk-row stk-inner-blocks stk-block-content stk-content-align stk-9f8db0b-column\">\n<div class=\"wp-block-stackable-column stk-block-column stk-column stk-block stk-ed1c040\" data-v=\"4\" data-block-id=\"ed1c040\"><div class=\"stk-column-wrapper stk-block-column__content stk-container stk-ed1c040-container stk--no-background stk--no-padding\"><div class=\"stk-block-content stk-inner-blocks stk-ed1c040-inner-blocks\">\n<div class=\"wp-block-stackable-image stk-block-image stk-block stk-9bedfa4\" data-block-id=\"9bedfa4\"><style>.stk-9bedfa4 {margin-bottom:10px !important;}.stk-9bedfa4 .stk-img-wrapper{width:80% !important;height:340px !important;}.stk-9bedfa4 .stk-img-wrapper img{transform:scale(1.79) !important;}<\/style><figure><span class=\"stk-img-wrapper stk-image--shape-stretch\"><img loading=\"lazy\" decoding=\"async\" class=\"stk-img wp-image-2284\" src=\"http:\/\/profaunasilvestre.com\/wp-content\/uploads\/2025\/11\/DSC00343-scaled.jpg\" width=\"2560\" height=\"1812\" srcset=\"https:\/\/profaunasilvestre.com\/wp-content\/uploads\/2025\/11\/DSC00343-scaled.jpg 2560w, https:\/\/profaunasilvestre.com\/wp-content\/uploads\/2025\/11\/DSC00343-scaled-600x425.jpg 600w, https:\/\/profaunasilvestre.com\/wp-content\/uploads\/2025\/11\/DSC00343-300x212.jpg 300w, https:\/\/profaunasilvestre.com\/wp-content\/uploads\/2025\/11\/DSC00343-1024x725.jpg 1024w, https:\/\/profaunasilvestre.com\/wp-content\/uploads\/2025\/11\/DSC00343-768x544.jpg 768w, https:\/\/profaunasilvestre.com\/wp-content\/uploads\/2025\/11\/DSC00343-1536x1087.jpg 1536w, https:\/\/profaunasilvestre.com\/wp-content\/uploads\/2025\/11\/DSC00343-2048x1450.jpg 2048w\" sizes=\"auto, (max-width: 2560px) 100vw, 2560px\" \/><\/span><\/figure><\/div>\n\n\n\n<div class=\"wp-block-stackable-button-group stk-block-button-group stk-block stk-64fb508\" data-block-id=\"64fb508\"><div class=\"stk-row stk-inner-blocks stk-block-content stk-button-group\">\n<div class=\"wp-block-stackable-button stk-block-button stk-block stk-9ecf525\" data-block-id=\"9ecf525\"><a class=\"stk-link stk-button stk--hover-effect-darken\" href=\"https:\/\/profaunasilvestre.com\/proyecto-ultu\/\"><span class=\"stk-button__inner-text\">Proyecto Ultu<\/span><\/a><\/div>\n<\/div><\/div>\n<\/div><\/div><\/div>\n\n\n\n<div class=\"wp-block-stackable-column stk-block-column stk-column stk-block stk-f4b8f7a\" data-v=\"4\" data-block-id=\"f4b8f7a\"><div class=\"stk-column-wrapper stk-block-column__content stk-container stk-f4b8f7a-container stk--no-background stk--no-padding\"><div class=\"stk-block-content stk-inner-blocks stk-f4b8f7a-inner-blocks\">\n<div class=\"wp-block-stackable-image stk-block-image stk-block stk-fb304b9\" data-block-id=\"fb304b9\"><style>.stk-fb304b9 {margin-bottom:15px !important;}.stk-fb304b9 .stk-img-wrapper{width:80% !important;height:340px !important;}.stk-fb304b9 .stk-img-wrapper img{transform:scale(1.14) !important;object-position:72% 69% !important;}<\/style><figure><span class=\"stk-img-wrapper stk-image--shape-stretch\"><img loading=\"lazy\" decoding=\"async\" class=\"stk-img wp-image-3062\" src=\"http:\/\/profaunasilvestre.com\/wp-content\/uploads\/2026\/01\/6666-scaled.png\" width=\"2560\" height=\"1549\" srcset=\"https:\/\/profaunasilvestre.com\/wp-content\/uploads\/2026\/01\/6666-scaled.png 2560w, https:\/\/profaunasilvestre.com\/wp-content\/uploads\/2026\/01\/6666-300x182.png 300w, https:\/\/profaunasilvestre.com\/wp-content\/uploads\/2026\/01\/6666-1024x620.png 1024w, https:\/\/profaunasilvestre.com\/wp-content\/uploads\/2026\/01\/6666-768x465.png 768w, https:\/\/profaunasilvestre.com\/wp-content\/uploads\/2026\/01\/6666-1536x930.png 1536w, https:\/\/profaunasilvestre.com\/wp-content\/uploads\/2026\/01\/6666-2048x1239.png 2048w, https:\/\/profaunasilvestre.com\/wp-content\/uploads\/2026\/01\/6666-18x12.png 18w, https:\/\/profaunasilvestre.com\/wp-content\/uploads\/2026\/01\/6666-600x363.png 600w\" sizes=\"auto, (max-width: 2560px) 100vw, 2560px\" \/><\/span><\/figure><\/div>\n\n\n\n<div class=\"wp-block-stackable-button-group stk-block-button-group stk-block stk-a78d052\" data-block-id=\"a78d052\"><div class=\"stk-row stk-inner-blocks stk-block-content stk-button-group\">\n<div class=\"wp-block-stackable-button stk-block-button stk-block stk-7124461\" data-block-id=\"7124461\"><a class=\"stk-link stk-button stk--hover-effect-darken\" href=\"https:\/\/profaunasilvestre.com\/proyecto-rana-dorada-huancavelica\/\"><span class=\"stk-button__inner-text\">Proyecto rana dorada<\/span><\/a><\/div>\n<\/div><\/div>\n<\/div><\/div><\/div>\n\n\n\n<div class=\"wp-block-stackable-column stk-block-column stk-column stk-block stk-160128c\" data-v=\"4\" data-block-id=\"160128c\"><div class=\"stk-column-wrapper stk-block-column__content stk-container stk-160128c-container stk--no-background stk--no-padding\"><div class=\"stk-block-content stk-inner-blocks stk-160128c-inner-blocks\">\n<div class=\"wp-block-stackable-image stk-block-image stk-block stk-0b043bf\" data-block-id=\"0b043bf\"><style>.stk-0b043bf {margin-bottom:14px !important;}.stk-0b043bf .stk-img-wrapper{width:80% !important;height:340px !important;}<\/style><figure><span class=\"stk-img-wrapper stk-image--shape-stretch\"><img loading=\"lazy\" decoding=\"async\" class=\"stk-img wp-image-3192\" src=\"http:\/\/profaunasilvestre.com\/wp-content\/uploads\/2026\/01\/0077-08-01-2026-14-36-07-1.jpeg\" width=\"900\" height=\"962\" srcset=\"https:\/\/profaunasilvestre.com\/wp-content\/uploads\/2026\/01\/0077-08-01-2026-14-36-07-1.jpeg 900w, https:\/\/profaunasilvestre.com\/wp-content\/uploads\/2026\/01\/0077-08-01-2026-14-36-07-1-281x300.jpeg 281w, https:\/\/profaunasilvestre.com\/wp-content\/uploads\/2026\/01\/0077-08-01-2026-14-36-07-1-768x821.jpeg 768w, https:\/\/profaunasilvestre.com\/wp-content\/uploads\/2026\/01\/0077-08-01-2026-14-36-07-1-11x12.jpeg 11w, https:\/\/profaunasilvestre.com\/wp-content\/uploads\/2026\/01\/0077-08-01-2026-14-36-07-1-600x641.jpeg 600w\" sizes=\"auto, (max-width: 900px) 100vw, 900px\" \/><\/span><\/figure><\/div>\n\n\n\n<div class=\"wp-block-stackable-button-group stk-block-button-group stk-block stk-62df663\" data-block-id=\"62df663\"><div class=\"stk-row stk-inner-blocks stk-block-content stk-button-group\">\n<div class=\"wp-block-stackable-button stk-block-button stk-block stk-bc71dd6\" data-block-id=\"bc71dd6\"><a class=\"stk-link stk-button stk--hover-effect-darken\" href=\"https:\/\/profaunasilvestre.com\/proyecto-salamandra\/\"><span class=\"stk-button__inner-text\">Proyecto salamandra<\/span><\/a><\/div>\n<\/div><\/div>\n<\/div><\/div><\/div>\n<\/div><\/div>\n\n\n\n<div class=\"wp-block-stackable-columns stk-block-columns stk-block stk-e434bbc\" data-block-id=\"e434bbc\"><style>.stk-e434bbc-column{--stk-columns-spacing:0px !important;}<\/style><div class=\"stk-row stk-inner-blocks stk-block-content stk-content-align stk-e434bbc-column\">\n<div class=\"wp-block-stackable-column stk-block-column stk-column stk-block stk-c545413\" data-v=\"4\" data-block-id=\"c545413\"><div class=\"stk-column-wrapper stk-block-column__content stk-container stk-c545413-container stk--no-background stk--no-padding\"><div class=\"stk-block-content stk-inner-blocks stk-c545413-inner-blocks\">\n<div class=\"wp-block-stackable-image stk-block-image stk-block stk-8f32799\" data-block-id=\"8f32799\"><style>.stk-8f32799 {margin-bottom:9px !important;}.stk-8f32799 .stk-img-wrapper{width:80% !important;height:340px !important;}<\/style><figure><span class=\"stk-img-wrapper stk-image--shape-stretch\"><img loading=\"lazy\" decoding=\"async\" class=\"stk-img wp-image-2678\" src=\"http:\/\/profaunasilvestre.com\/wp-content\/uploads\/2025\/12\/Cyrtochilum-aureum-scaled.jpg\" width=\"1707\" height=\"2560\" srcset=\"https:\/\/profaunasilvestre.com\/wp-content\/uploads\/2025\/12\/Cyrtochilum-aureum-scaled.jpg 1707w, https:\/\/profaunasilvestre.com\/wp-content\/uploads\/2025\/12\/Cyrtochilum-aureum-200x300.jpg 200w, https:\/\/profaunasilvestre.com\/wp-content\/uploads\/2025\/12\/Cyrtochilum-aureum-683x1024.jpg 683w, https:\/\/profaunasilvestre.com\/wp-content\/uploads\/2025\/12\/Cyrtochilum-aureum-768x1152.jpg 768w, https:\/\/profaunasilvestre.com\/wp-content\/uploads\/2025\/12\/Cyrtochilum-aureum-1024x1536.jpg 1024w, https:\/\/profaunasilvestre.com\/wp-content\/uploads\/2025\/12\/Cyrtochilum-aureum-1365x2048.jpg 1365w, https:\/\/profaunasilvestre.com\/wp-content\/uploads\/2025\/12\/Cyrtochilum-aureum-600x900.jpg 600w\" sizes=\"auto, (max-width: 1707px) 100vw, 1707px\" \/><\/span><\/figure><\/div>\n\n\n\n<div class=\"wp-block-stackable-button-group stk-block-button-group stk-block stk-95bc1ba\" data-block-id=\"95bc1ba\"><div class=\"stk-row stk-inner-blocks stk-block-content stk-button-group\">\n<div class=\"wp-block-stackable-button stk-block-button stk-block stk-efc59dd\" data-block-id=\"efc59dd\"><a class=\"stk-link stk-button stk--hover-effect-darken\" href=\"https:\/\/profaunasilvestre.com\/proyecto-orquidea\/\"><span class=\"stk-button__inner-text\">Proyecto Orqu\u00eddea<\/span><\/a><\/div>\n<\/div><\/div>\n<\/div><\/div><\/div>\n\n\n\n<div class=\"wp-block-stackable-column stk-block-column stk-column stk-block stk-54c05da\" data-v=\"4\" data-block-id=\"54c05da\"><div class=\"stk-column-wrapper stk-block-column__content stk-container stk-54c05da-container stk--no-background stk--no-padding\"><div class=\"stk-block-content stk-inner-blocks stk-54c05da-inner-blocks\">\n<div class=\"wp-block-stackable-image stk-block-image stk-block stk-39445e7\" data-block-id=\"39445e7\"><style>.stk-39445e7 {margin-bottom:12px !important;}.stk-39445e7 .stk-img-wrapper{width:80% !important;height:340px !important;}<\/style><figure><span class=\"stk-img-wrapper stk-image--shape-stretch\"><img loading=\"lazy\" decoding=\"async\" class=\"stk-img wp-image-2630\" src=\"http:\/\/profaunasilvestre.com\/wp-content\/uploads\/2025\/12\/WhatsApp-Image-2025-12-15-at-4.19.48-PM-4.jpeg\" width=\"900\" height=\"1600\" srcset=\"https:\/\/profaunasilvestre.com\/wp-content\/uploads\/2025\/12\/WhatsApp-Image-2025-12-15-at-4.19.48-PM-4.jpeg 900w, https:\/\/profaunasilvestre.com\/wp-content\/uploads\/2025\/12\/WhatsApp-Image-2025-12-15-at-4.19.48-PM-4-169x300.jpeg 169w, https:\/\/profaunasilvestre.com\/wp-content\/uploads\/2025\/12\/WhatsApp-Image-2025-12-15-at-4.19.48-PM-4-576x1024.jpeg 576w, https:\/\/profaunasilvestre.com\/wp-content\/uploads\/2025\/12\/WhatsApp-Image-2025-12-15-at-4.19.48-PM-4-768x1365.jpeg 768w, https:\/\/profaunasilvestre.com\/wp-content\/uploads\/2025\/12\/WhatsApp-Image-2025-12-15-at-4.19.48-PM-4-864x1536.jpeg 864w, https:\/\/profaunasilvestre.com\/wp-content\/uploads\/2025\/12\/WhatsApp-Image-2025-12-15-at-4.19.48-PM-4-600x1067.jpeg 600w\" sizes=\"auto, (max-width: 900px) 100vw, 900px\" \/><\/span><\/figure><\/div>\n\n\n\n<div class=\"wp-block-stackable-button-group stk-block-button-group stk-block stk-a49d110\" data-block-id=\"a49d110\"><div class=\"stk-row stk-inner-blocks stk-block-content stk-button-group\">\n<div class=\"wp-block-stackable-button stk-block-button stk-block stk-c528b92\" data-block-id=\"c528b92\"><a class=\"stk-link stk-button stk--hover-effect-darken\" href=\"https:\/\/profaunasilvestre.com\/proyecto-camaras-trampa\/\"><span class=\"stk-button__inner-text\">Proyecto c\u00e1mara trampa<\/span><\/a><\/div>\n<\/div><\/div>\n<\/div><\/div><\/div>\n\n\n\n<div class=\"wp-block-stackable-column stk-block-column stk-column stk-block stk-e629157\" data-v=\"4\" data-block-id=\"e629157\"><div class=\"stk-column-wrapper stk-block-column__content stk-container stk-e629157-container stk--no-background stk--no-padding\"><div class=\"stk-block-content stk-inner-blocks stk-e629157-inner-blocks\">\n<div class=\"wp-block-stackable-image stk-block-image stk-block stk-3791ddd\" data-block-id=\"3791ddd\"><style>.stk-3791ddd {margin-bottom:13px !important;}.stk-3791ddd .stk-img-wrapper{width:80% !important;height:340px !important;}.stk-3791ddd .stk-img-wrapper img{object-position:80% 49% !important;}<\/style><figure><span class=\"stk-img-wrapper stk-image--shape-stretch\"><img loading=\"lazy\" decoding=\"async\" class=\"stk-img wp-image-2378\" src=\"http:\/\/profaunasilvestre.com\/wp-content\/uploads\/2025\/12\/Microlophus-toracicus-scaled.webp\" width=\"2560\" height=\"1495\" srcset=\"https:\/\/profaunasilvestre.com\/wp-content\/uploads\/2025\/12\/Microlophus-toracicus-scaled.webp 2560w, https:\/\/profaunasilvestre.com\/wp-content\/uploads\/2025\/12\/Microlophus-toracicus-scaled-600x350.webp 600w, https:\/\/profaunasilvestre.com\/wp-content\/uploads\/2025\/12\/Microlophus-toracicus-300x175.webp 300w, https:\/\/profaunasilvestre.com\/wp-content\/uploads\/2025\/12\/Microlophus-toracicus-1024x598.webp 1024w, https:\/\/profaunasilvestre.com\/wp-content\/uploads\/2025\/12\/Microlophus-toracicus-768x448.webp 768w, https:\/\/profaunasilvestre.com\/wp-content\/uploads\/2025\/12\/Microlophus-toracicus-1536x897.webp 1536w, https:\/\/profaunasilvestre.com\/wp-content\/uploads\/2025\/12\/Microlophus-toracicus-2048x1196.webp 2048w\" sizes=\"auto, (max-width: 2560px) 100vw, 2560px\" \/><\/span><\/figure><\/div>\n\n\n\n<div class=\"wp-block-stackable-button-group stk-block-button-group stk-block stk-dd04ed9\" data-block-id=\"dd04ed9\"><div class=\"stk-row stk-inner-blocks stk-block-content stk-button-group\">\n<div class=\"wp-block-stackable-button stk-block-button stk-block stk-24b6c64\" data-block-id=\"24b6c64\"><a class=\"stk-link stk-button stk--hover-effect-darken\" href=\"https:\/\/profaunasilvestre.com\/proyecto-casma\/\"><span class=\"stk-button__inner-text\">Proyecto Casma<\/span><\/a><\/div>\n<\/div><\/div>\n<\/div><\/div><\/div>\n<\/div><\/div>\n\n\n\n<div class=\"wp-block-stackable-columns stk-block-columns stk-block stk-0de1e4e\" data-block-id=\"0de1e4e\"><style>.stk-0de1e4e-column{--stk-columns-spacing:0px !important;}<\/style><div class=\"stk-row stk-inner-blocks stk-block-content stk-content-align stk-0de1e4e-column\">\n<div class=\"wp-block-stackable-column stk-block-column stk-column stk-block stk-b096a68\" data-v=\"4\" data-block-id=\"b096a68\"><div class=\"stk-column-wrapper stk-block-column__content stk-container stk-b096a68-container stk--no-background stk--no-padding\"><div class=\"stk-block-content stk-inner-blocks stk-b096a68-inner-blocks\">\n<div class=\"wp-block-stackable-image stk-block-image stk-block stk-8df060b\" data-block-id=\"8df060b\"><style>.stk-8df060b {margin-bottom:10px !important;}.stk-8df060b .stk-img-wrapper{width:80% !important;height:340px !important;}<\/style><figure><span class=\"stk-img-wrapper stk-image--shape-stretch\"><img loading=\"lazy\" decoding=\"async\" class=\"stk-img wp-image-2962\" src=\"http:\/\/profaunasilvestre.com\/wp-content\/uploads\/2026\/01\/unnamed.jpeg\" width=\"1346\" height=\"1659\" srcset=\"https:\/\/profaunasilvestre.com\/wp-content\/uploads\/2026\/01\/unnamed.jpeg 1346w, https:\/\/profaunasilvestre.com\/wp-content\/uploads\/2026\/01\/unnamed-243x300.jpeg 243w, https:\/\/profaunasilvestre.com\/wp-content\/uploads\/2026\/01\/unnamed-831x1024.jpeg 831w, https:\/\/profaunasilvestre.com\/wp-content\/uploads\/2026\/01\/unnamed-768x947.jpeg 768w, https:\/\/profaunasilvestre.com\/wp-content\/uploads\/2026\/01\/unnamed-1246x1536.jpeg 1246w, https:\/\/profaunasilvestre.com\/wp-content\/uploads\/2026\/01\/unnamed-10x12.jpeg 10w, https:\/\/profaunasilvestre.com\/wp-content\/uploads\/2026\/01\/unnamed-600x740.jpeg 600w\" sizes=\"auto, (max-width: 1346px) 100vw, 1346px\" \/><\/span><\/figure><\/div>\n\n\n\n<div class=\"wp-block-stackable-button-group stk-block-button-group stk-block stk-7cd1880\" data-block-id=\"7cd1880\"><div class=\"stk-row stk-inner-blocks stk-block-content stk-button-group\">\n<div class=\"wp-block-stackable-button stk-block-button stk-block stk-92a62db\" data-block-id=\"92a62db\"><a class=\"stk-link stk-button stk--hover-effect-darken\" href=\"https:\/\/profaunasilvestre.com\/proyecto-rana-de-colan\/\"><span class=\"stk-button__inner-text\">Proyecto rana de colan<\/span><\/a><\/div>\n<\/div><\/div>\n<\/div><\/div><\/div>\n\n\n\n<div class=\"wp-block-stackable-column stk-block-column stk-column stk-block stk-d532b63\" data-v=\"4\" data-block-id=\"d532b63\"><div class=\"stk-column-wrapper stk-block-column__content stk-container stk-d532b63-container stk--no-background stk--no-padding\"><div class=\"stk-block-content stk-inner-blocks stk-d532b63-inner-blocks\">\n<div class=\"wp-block-stackable-image stk-block-image stk-block stk-d850649\" data-block-id=\"d850649\"><style>.stk-d850649 {margin-bottom:8px !important;}.stk-d850649 .stk-img-wrapper{width:80% !important;height:340px !important;}<\/style><figure><span class=\"stk-img-wrapper stk-image--shape-stretch\"><img loading=\"lazy\" decoding=\"async\" class=\"stk-img wp-image-1751\" src=\"http:\/\/profaunasilvestre.com\/wp-content\/uploads\/2025\/09\/Villa-scaled.jpg\" width=\"2560\" height=\"1707\" srcset=\"https:\/\/profaunasilvestre.com\/wp-content\/uploads\/2025\/09\/Villa-scaled.jpg 2560w, https:\/\/profaunasilvestre.com\/wp-content\/uploads\/2025\/09\/Villa-scaled-600x400.jpg 600w, https:\/\/profaunasilvestre.com\/wp-content\/uploads\/2025\/09\/Villa-300x200.jpg 300w, https:\/\/profaunasilvestre.com\/wp-content\/uploads\/2025\/09\/Villa-1024x683.jpg 1024w, https:\/\/profaunasilvestre.com\/wp-content\/uploads\/2025\/09\/Villa-768x512.jpg 768w, https:\/\/profaunasilvestre.com\/wp-content\/uploads\/2025\/09\/Villa-1536x1024.jpg 1536w, https:\/\/profaunasilvestre.com\/wp-content\/uploads\/2025\/09\/Villa-2048x1365.jpg 2048w\" sizes=\"auto, (max-width: 2560px) 100vw, 2560px\" \/><\/span><\/figure><\/div>\n\n\n\n<div class=\"wp-block-stackable-button-group stk-block-button-group stk-block stk-a65e63a\" data-block-id=\"a65e63a\"><div class=\"stk-row stk-inner-blocks stk-block-content stk-button-group\">\n<div class=\"wp-block-stackable-button stk-block-button stk-block stk-1904aa4\" data-block-id=\"1904aa4\"><a class=\"stk-link stk-button stk--hover-effect-darken\" href=\"https:\/\/profaunasilvestre.com\/proyecto-quechua-mayunmarka\/\"><span class=\"stk-button__inner-text\">Proyecto quechua<\/span><\/a><\/div>\n<\/div><\/div>\n<\/div><\/div><\/div>\n\n\n\n<div class=\"wp-block-stackable-column stk-block-column stk-column stk-block stk-5c6e9d0\" data-v=\"4\" data-block-id=\"5c6e9d0\"><div class=\"stk-column-wrapper stk-block-column__content stk-container stk-5c6e9d0-container stk--no-background stk--no-padding\"><div class=\"stk-block-content stk-inner-blocks stk-5c6e9d0-inner-blocks\">\n<div class=\"wp-block-stackable-image stk-block-image stk-block stk-dadc2b4\" data-block-id=\"dadc2b4\"><style>.stk-dadc2b4 {margin-bottom:7px !important;}.stk-dadc2b4 .stk-img-wrapper{width:80% !important;height:340px !important;}<\/style><\/div>\n<\/div><\/div><\/div>\n<\/div><\/div>\n<\/div><\/div><\/div>\n<\/div><\/div>","protected":false},"excerpt":{"rendered":"<p>Nuestros proyectos En Pro Fauna Silvestre Ayacucho, venimos ejecutando proyectos estrat\u00e9gicos de conservaci\u00f3n, monitoreo y educaci\u00f3n ambiental. Por ahora, centramos nuestras acciones en las regiones de Ayacucho y Huancavelica, donde trabajamos de la mano con las comunidades locales para proteger los ecosistemas, especies y recursos naturales, integrando el conocimiento cient\u00edfico con la participaci\u00f3n ciudadana. Proyecto [&hellip;]<\/p>\n","protected":false},"author":1,"featured_media":0,"parent":0,"menu_order":0,"comment_status":"closed","ping_status":"closed","template":"","meta":{"footnotes":""},"class_list":["post-3820","page","type-page","status-publish","hentry"],"blocksy_meta":[],"_links":{"self":[{"href":"https:\/\/profaunasilvestre.com\/en\/wp-json\/wp\/v2\/pages\/3820","targetHints":{"allow":["GET"]}}],"collection":[{"href":"https:\/\/profaunasilvestre.com\/en\/wp-json\/wp\/v2\/pages"}],"about":[{"href":"https:\/\/profaunasilvestre.com\/en\/wp-json\/wp\/v2\/types\/page"}],"author":[{"embeddable":true,"href":"https:\/\/profaunasilvestre.com\/en\/wp-json\/wp\/v2\/users\/1"}],"replies":[{"embeddable":true,"href":"https:\/\/profaunasilvestre.com\/en\/wp-json\/wp\/v2\/comments?post=3820"}],"version-history":[{"count":14,"href":"https:\/\/profaunasilvestre.com\/en\/wp-json\/wp\/v2\/pages\/3820\/revisions"}],"predecessor-version":[{"id":3842,"href":"https:\/\/profaunasilvestre.com\/en\/wp-json\/wp\/v2\/pages\/3820\/revisions\/3842"}],"wp:attachment":[{"href":"https:\/\/profaunasilvestre.com\/en\/wp-json\/wp\/v2\/media?parent=3820"}],"curies":[{"name":"wp","href":"https:\/\/api.w.org\/{rel}","templated":true}]}}