{"id":2202,"date":"2025-11-27T19:57:04","date_gmt":"2025-11-28T00:57:04","guid":{"rendered":"https:\/\/profaunasilvestre.com\/mision-y-vision\/"},"modified":"2025-12-15T13:01:18","modified_gmt":"2025-12-15T18:01:18","slug":"mision-y-vision","status":"publish","type":"page","link":"https:\/\/profaunasilvestre.com\/en\/mision-y-vision\/","title":{"rendered":"Misi\u00f3n y visi\u00f3n"},"content":{"rendered":"<div class=\"wp-block-stackable-columns alignfull stk-block-columns stk-block stk-0f3050e\" data-block-id=\"0f3050e\"><style>.stk-0f3050e {margin-top:var(--stk--preset--spacing--70, 3.38rem) !important;margin-bottom:var(--stk--preset--spacing--70, 3.38rem) !important;}<\/style><div class=\"stk-row stk-inner-blocks stk-block-content stk-content-align stk-0f3050e-column alignwide\">\n<div class=\"wp-block-stackable-column stk-block-column stk-column stk-block stk-b83d60e\" data-v=\"4\" data-block-id=\"b83d60e\"><style>.stk-b83d60e {align-self:center !important;}@media screen and (min-width:690px){.stk-b83d60e {flex:var(--stk-flex-grow, 1) 1 calc(40% - var(--stk-column-gap, 0px) * 1 \/ 2 ) !important;}}<\/style><div class=\"stk-column-wrapper stk-block-column__content stk-container stk-b83d60e-container stk--no-background stk--no-padding\"><div class=\"stk-block-content stk-inner-blocks stk-b83d60e-inner-blocks\">\n<div class=\"wp-block-stackable-heading stk-block-heading stk-block-heading--v2 stk-block stk-b871668\" id=\"title-1-placeholder\" data-block-id=\"b871668\"><h3 class=\"stk-block-heading__text\">Misi\u00f3n<\/h3><\/div>\n\n\n\n<div class=\"wp-block-stackable-text stk-block-text stk-block stk-527b036\" data-block-id=\"527b036\"><style>.stk-527b036 .stk-block-text__text{font-size:20px !important;color:#0f0e17 !important;}@media screen and (max-width:999px){.stk-527b036 .stk-block-text__text{font-size:14px !important;}}<\/style><p class=\"stk-block-text__text has-text-color\">La Asociaci\u00f3n Pro Fauna Silvestre \u2013 Ayacucho, contribuye con sus conocimientos en la elaboraci\u00f3n, ejecuci\u00f3n y difusi\u00f3n de programas y proyectos en conservaci\u00f3n y uso sostenible de los recursos naturales, los ecosistemas y la biodiversidad en pro de la mejora de la calidad de vida de la poblaci\u00f3n<\/p><\/div>\n\n\n\n<div class=\"wp-block-stackable-heading stk-block-heading stk-block-heading--v2 stk-block stk-002b895\" id=\"title-2-placeholder\" data-block-id=\"002b895\"><h3 class=\"stk-block-heading__text\">Visi\u00f3n<\/h3><\/div>\n\n\n\n<div class=\"wp-block-stackable-text stk-block-text stk-block stk-92d272d\" data-block-id=\"92d272d\"><style>.stk-92d272d .stk-block-text__text{font-size:20px !important;color:#0f0e17 !important;}@media screen and (max-width:999px){.stk-92d272d .stk-block-text__text{font-size:14px !important;}}<\/style><p class=\"stk-block-text__text has-text-color\">La Asociaci\u00f3n Pro Fauna Silvestre, es reconocida como una instituci\u00f3n l\u00edder y consolidada en la investigaci\u00f3n, conservaci\u00f3n y uso sostenible de la biodiversidad de la regi\u00f3n Ayacucho<\/p><\/div>\n<\/div><\/div><\/div>\n\n\n\n<div class=\"wp-block-stackable-column stk-block-column stk-column stk-block stk-950781c\" data-v=\"4\" data-block-id=\"950781c\"><style>@media screen and (min-width:690px){.stk-950781c {flex:var(--stk-flex-grow, 1) 1 calc(60% - var(--stk-column-gap, 0px) * 1 \/ 2 ) !important;}}<\/style><div class=\"stk-column-wrapper stk-block-column__content stk-container stk-950781c-container stk--no-background stk--no-padding\"><div class=\"stk-block-content stk-inner-blocks stk-950781c-inner-blocks\">\n<div class=\"wp-block-stackable-columns stk-block-columns stk-block stk-855449a\" data-block-id=\"855449a\"><div class=\"stk-row stk-inner-blocks stk-block-content stk-content-align stk-855449a-column\">\n<div class=\"wp-block-stackable-column stk-block-column stk-column stk-block stk-a5e12e6\" data-v=\"4\" data-block-id=\"a5e12e6\"><div class=\"stk-column-wrapper stk-block-column__content stk-container stk-a5e12e6-container stk--no-background stk--no-padding\"><div class=\"stk-block-content stk-inner-blocks stk-a5e12e6-inner-blocks\">\n<div class=\"wp-block-stackable-image stk-block-image stk-block stk-1d45399\" data-block-id=\"1d45399\"><style>.stk-1d45399 .stk-img-wrapper{height:400px !important;}<\/style><figure><span class=\"stk-img-wrapper stk-image--shape-stretch\"><img loading=\"lazy\" decoding=\"async\" class=\"stk-img wp-image-1277\" src=\"http:\/\/profaunasilvestre.com\/wp-content\/uploads\/2025\/05\/Ameerega-macero-1.png\" width=\"1408\" height=\"933\" srcset=\"https:\/\/profaunasilvestre.com\/wp-content\/uploads\/2025\/05\/Ameerega-macero-1.png 1408w, https:\/\/profaunasilvestre.com\/wp-content\/uploads\/2025\/05\/Ameerega-macero-1-600x398.png 600w, https:\/\/profaunasilvestre.com\/wp-content\/uploads\/2025\/05\/Ameerega-macero-1-300x199.png 300w, https:\/\/profaunasilvestre.com\/wp-content\/uploads\/2025\/05\/Ameerega-macero-1-1024x679.png 1024w, https:\/\/profaunasilvestre.com\/wp-content\/uploads\/2025\/05\/Ameerega-macero-1-768x509.png 768w\" sizes=\"auto, (max-width: 1408px) 100vw, 1408px\" \/><\/span><\/figure><\/div>\n<\/div><\/div><\/div>\n\n\n\n<div class=\"wp-block-stackable-column stk-block-column stk-column stk-block stk-e398852\" data-v=\"4\" data-block-id=\"e398852\"><style>.stk-e398852 {margin-top:50px !important;}<\/style><div class=\"stk-column-wrapper stk-block-column__content stk-container stk-e398852-container stk--no-background stk--no-padding\"><div class=\"stk-block-content stk-inner-blocks stk-e398852-inner-blocks\">\n<div class=\"wp-block-stackable-image stk-block-image stk-block stk-a24fb4f\" data-block-id=\"a24fb4f\"><style>.stk-a24fb4f .stk-img-wrapper{height:400px !important;}<\/style><figure><span class=\"stk-img-wrapper stk-image--shape-stretch\"><img loading=\"lazy\" decoding=\"async\" class=\"stk-img wp-image-1808\" src=\"http:\/\/profaunasilvestre.com\/wp-content\/uploads\/2025\/09\/2-1.jpg\" width=\"1066\" height=\"1600\" srcset=\"https:\/\/profaunasilvestre.com\/wp-content\/uploads\/2025\/09\/2-1.jpg 1066w, https:\/\/profaunasilvestre.com\/wp-content\/uploads\/2025\/09\/2-1-600x901.jpg 600w, https:\/\/profaunasilvestre.com\/wp-content\/uploads\/2025\/09\/2-1-200x300.jpg 200w, https:\/\/profaunasilvestre.com\/wp-content\/uploads\/2025\/09\/2-1-682x1024.jpg 682w, https:\/\/profaunasilvestre.com\/wp-content\/uploads\/2025\/09\/2-1-768x1153.jpg 768w, https:\/\/profaunasilvestre.com\/wp-content\/uploads\/2025\/09\/2-1-1023x1536.jpg 1023w\" sizes=\"auto, (max-width: 1066px) 100vw, 1066px\" \/><\/span><\/figure><\/div>\n<\/div><\/div><\/div>\n<\/div><\/div>\n<\/div><\/div><\/div>\n<\/div><\/div>","protected":false},"excerpt":{"rendered":"<p>Misi\u00f3n La Asociaci\u00f3n Pro Fauna Silvestre \u2013 Ayacucho, contribuye con sus conocimientos en la elaboraci\u00f3n, ejecuci\u00f3n y difusi\u00f3n de programas y proyectos en conservaci\u00f3n y uso sostenible de los recursos naturales, los ecosistemas y la biodiversidad en pro de la mejora de la calidad de vida de la poblaci\u00f3n Visi\u00f3n La Asociaci\u00f3n Pro Fauna Silvestre, [&hellip;]<\/p>\n","protected":false},"author":1,"featured_media":0,"parent":0,"menu_order":0,"comment_status":"closed","ping_status":"closed","template":"","meta":{"footnotes":""},"class_list":["post-2202","page","type-page","status-publish","hentry"],"blocksy_meta":[],"_links":{"self":[{"href":"https:\/\/profaunasilvestre.com\/en\/wp-json\/wp\/v2\/pages\/2202","targetHints":{"allow":["GET"]}}],"collection":[{"href":"https:\/\/profaunasilvestre.com\/en\/wp-json\/wp\/v2\/pages"}],"about":[{"href":"https:\/\/profaunasilvestre.com\/en\/wp-json\/wp\/v2\/types\/page"}],"author":[{"embeddable":true,"href":"https:\/\/profaunasilvestre.com\/en\/wp-json\/wp\/v2\/users\/1"}],"replies":[{"embeddable":true,"href":"https:\/\/profaunasilvestre.com\/en\/wp-json\/wp\/v2\/comments?post=2202"}],"version-history":[{"count":4,"href":"https:\/\/profaunasilvestre.com\/en\/wp-json\/wp\/v2\/pages\/2202\/revisions"}],"predecessor-version":[{"id":2578,"href":"https:\/\/profaunasilvestre.com\/en\/wp-json\/wp\/v2\/pages\/2202\/revisions\/2578"}],"wp:attachment":[{"href":"https:\/\/profaunasilvestre.com\/en\/wp-json\/wp\/v2\/media?parent=2202"}],"curies":[{"name":"wp","href":"https:\/\/api.w.org\/{rel}","templated":true}]}}