{"id":1834,"date":"2025-09-09T22:16:03","date_gmt":"2025-09-10T03:16:03","guid":{"rendered":"https:\/\/profaunasilvestre.com\/politicas-institucionales\/"},"modified":"2025-12-15T13:01:00","modified_gmt":"2025-12-15T18:01:00","slug":"politicas-institucionales","status":"publish","type":"page","link":"https:\/\/profaunasilvestre.com\/en\/politicas-institucionales\/","title":{"rendered":"Pol\u00edticas institucionales"},"content":{"rendered":"<p data-block-type=\"core\"><\/p>\n\n\n\n<div class=\"wp-block-stackable-columns alignfull stk-block-columns stk-has-top-separator stk-has-bottom-separator stk-block stk-567ba89 stk-block-background stk--has-background-overlay\" data-block-id=\"567ba89\"><style>.stk-567ba89 .stk--block-align-567ba89{align-items:flex-start !important;}.stk-567ba89 {background-image:url(http:\/\/profaunasilvestre.com\/wp-content\/uploads\/2025\/05\/CH-03-Oreopanax-ruizii-Chupon-2022-scaled.jpg) !important;background-attachment:fixed !important;border-top-left-radius:0px !important;border-top-right-radius:0px !important;border-bottom-right-radius:0px !important;border-bottom-left-radius:0px !important;overflow:hidden !important;margin-top:var(--stk--preset--spacing--none, 0px) !important;margin-bottom:var(--stk--preset--spacing--40, 1rem) !important;}.stk-567ba89:before{background-color:#000000 !important;opacity:0.2 !important;}.stk-567ba89 > .stk-separator__top .stk-separator__wrapper{transform:scaleX(1) !important;height:30px !important;}<\/style><div class=\"stk-separator stk-separator__top\"><div class=\"stk-separator__wrapper\"><svg xmlns=\"http:\/\/www.w3.org\/2000\/svg\" viewbox=\"0 0 1600 200\" class=\"stk-separator__layer-1\" preserveaspectratio=\"none\" aria-hidden=\"true\"><path d=\"M-10 210h1620V105.2H-10z\"><\/path><\/svg><\/div><\/div><div class=\"stk-row stk-inner-blocks stk--block-align-567ba89 stk-block-content stk-content-align stk-567ba89-column alignwide\">\n<div class=\"wp-block-stackable-column stk-block-column stk-column stk-block stk-4ce4899\" data-v=\"4\" data-block-id=\"4ce4899\"><div class=\"stk-column-wrapper stk-block-column__content stk-container stk-4ce4899-container stk--no-background stk--no-padding\"><div class=\"stk-block-content stk-inner-blocks stk-4ce4899-inner-blocks\">\n<div class=\"wp-block-stackable-heading stk-block-heading stk-block-heading--v2 stk-block stk-51115e6\" id=\"heading-placeholder\" data-block-id=\"51115e6\"><style>.stk-51115e6 .stk-block-heading__text{color:#fffffe !important;}<\/style><h2 class=\"stk-block-heading__text has-text-color has-text-align-center\">Nuestras Pol\u00edticas Institucionales<\/h2><\/div>\n\n\n\n<div class=\"wp-block-stackable-columns stk-block-columns stk-block stk-c8fac2b\" data-block-id=\"c8fac2b\"><style>.stk-c8fac2b-column{flex-wrap:wrap !important;--stk-flex-grow:0 !important;}<\/style><div class=\"stk-row stk-inner-blocks stk-block-content stk-content-align stk-c8fac2b-column\">\n<div class=\"wp-block-stackable-column stk-block-column stk-column stk-block stk-c0663f7\" data-v=\"4\" data-block-id=\"c0663f7\"><style>@media screen and (min-width:690px){.stk-c0663f7 {flex:var(--stk-flex-grow, 1) 1 calc(33.33% - var(--stk-column-gap, 0px) * 2 \/ 3 ) !important;}}<\/style><div class=\"stk-column-wrapper stk-block-column__content stk-container stk-c0663f7-container stk-hover-parent\"><div class=\"stk-block-content stk-inner-blocks stk-c0663f7-inner-blocks\">\n<div class=\"wp-block-stackable-heading stk-block-heading stk-block-heading--v2 stk-block stk-6083ed0\" id=\"c-title-1-placeholder\" data-block-id=\"6083ed0\"><style>.stk-6083ed0 .stk-block-heading__text{font-size:20px !important;color:#0f0e17 !important;line-height:1.2em !important;font-weight:600 !important;}@media screen and (max-width:999px){.stk-6083ed0 .stk-block-heading__text{font-size:20px !important;}}@media screen and (max-width:689px){.stk-6083ed0 .stk-block-heading__text{font-size:18px !important;}}<\/style><h2 class=\"stk-block-heading__text has-text-color has-text-align-center\">Visi\u00f3n y objetivos de la Asociaci\u00f3n Pro Fauna Silvestre, Ayacucho<br>Periodo 2021 &#8211; 2025<\/h2><\/div>\n\n\n\n<div class=\"wp-block-stackable-button-group stk-block-button-group stk-block stk-83f24dd\" data-block-id=\"83f24dd\"><div class=\"stk-row stk-inner-blocks has-text-align-center stk-block-content stk-button-group\">\n<div class=\"wp-block-stackable-button stk-block-button stk-block stk-d63c0b5\" data-block-id=\"d63c0b5\"><a class=\"stk-link stk-button stk--hover-effect-darken\" href=\"https:\/\/drive.google.com\/file\/d\/1a6QxmB0mrSpOiBjkLmDqW8gTnJ_Itrue\/view\"><span class=\"stk-button__inner-text\">Documento pdf<\/span><\/a><\/div>\n<\/div><\/div>\n<\/div><\/div><\/div>\n\n\n\n<div class=\"wp-block-stackable-column stk-block-column stk-column stk-block stk-37fe76c\" data-v=\"4\" data-block-id=\"37fe76c\"><style>@media screen and (min-width:690px){.stk-37fe76c {flex:var(--stk-flex-grow, 1) 1 calc(33.33% - var(--stk-column-gap, 0px) * 2 \/ 3 ) !important;}}<\/style><div class=\"stk-column-wrapper stk-block-column__content stk-container stk-37fe76c-container stk-hover-parent\"><div class=\"stk-block-content stk-inner-blocks stk-37fe76c-inner-blocks\">\n<div class=\"wp-block-stackable-heading stk-block-heading stk-block-heading--v2 stk-block stk-36dbcea\" id=\"c-title-1-placeholder\" data-block-id=\"36dbcea\"><style>.stk-36dbcea .stk-block-heading__text{font-size:20px !important;color:#0f0e17 !important;line-height:1.2em !important;font-weight:600 !important;}@media screen and (max-width:999px){.stk-36dbcea .stk-block-heading__text{font-size:20px !important;}}@media screen and (max-width:689px){.stk-36dbcea .stk-block-heading__text{font-size:18px !important;}}<\/style><h2 class=\"stk-block-heading__text has-text-color has-text-align-center\">C\u00f3digo de Conducta \u00c9tica de la Asociaci\u00f3n Pro Fauna Silvestre, Ayacucho Periodo 2021 &#8211; 2025<\/h2><\/div>\n\n\n\n<div class=\"wp-block-stackable-button-group stk-block-button-group stk-block stk-e9f2d4d\" data-block-id=\"e9f2d4d\"><div class=\"stk-row stk-inner-blocks has-text-align-center stk-block-content stk-button-group\">\n<div class=\"wp-block-stackable-button stk-block-button stk-block stk-6e6f2f1\" data-block-id=\"6e6f2f1\"><a class=\"stk-link stk-button stk--hover-effect-darken\" href=\"https:\/\/drive.google.com\/file\/d\/1OI9ZEbhD62sG0FJLEVjYMPODTNprcrcm\/view\"><span class=\"stk-button__inner-text\">Documento pdf<\/span><\/a><\/div>\n<\/div><\/div>\n<\/div><\/div><\/div>\n\n\n\n<div class=\"wp-block-stackable-column stk-block-column stk-column stk-block stk-5c188e3\" data-v=\"4\" data-block-id=\"5c188e3\"><style>@media screen and (min-width:690px){.stk-5c188e3 {flex:var(--stk-flex-grow, 1) 1 calc(33.33% - var(--stk-column-gap, 0px) * 2 \/ 3 ) !important;}}<\/style><div class=\"stk-column-wrapper stk-block-column__content stk-container stk-5c188e3-container stk-hover-parent\"><div class=\"stk-block-content stk-inner-blocks stk-5c188e3-inner-blocks\">\n<div class=\"wp-block-stackable-heading stk-block-heading stk-block-heading--v2 stk-block stk-b623846\" id=\"c-title-1-placeholder\" data-block-id=\"b623846\"><style>.stk-b623846 .stk-block-heading__text{font-size:20px !important;color:#0f0e17 !important;line-height:1.2em !important;font-weight:600 !important;}@media screen and (max-width:999px){.stk-b623846 .stk-block-heading__text{font-size:20px !important;}}@media screen and (max-width:689px){.stk-b623846 .stk-block-heading__text{font-size:18px !important;}}<\/style><h2 class=\"stk-block-heading__text has-text-color has-text-align-center\">Pol\u00edtica de Seguridad y Salud en el Trabajo de la<br>Asociaci\u00f3n Pro Fauna Silvestre, Ayacucho, Periodo 2021 &#8211; 2025<\/h2><\/div>\n\n\n\n<div class=\"wp-block-stackable-button-group stk-block-button-group stk-block stk-07f2f9b\" data-block-id=\"07f2f9b\"><div class=\"stk-row stk-inner-blocks has-text-align-center stk-block-content stk-button-group\">\n<div class=\"wp-block-stackable-button stk-block-button stk-block stk-814039f\" data-block-id=\"814039f\"><a class=\"stk-link stk-button stk--hover-effect-darken\" href=\"https:\/\/drive.google.com\/file\/d\/1AF3cR1iHZyByYYBmwB1Cr6pRzIeiNVac\/view\"><span class=\"stk-button__inner-text\">Documento pdf<\/span><\/a><\/div>\n<\/div><\/div>\n<\/div><\/div><\/div>\n\n\n\n<div class=\"wp-block-stackable-column stk-block-column stk-column stk-block stk-13b3063\" data-v=\"4\" data-block-id=\"13b3063\"><style>@media screen and (min-width:690px){.stk-13b3063 {flex:var(--stk-flex-grow, 1) 1 calc(33.33% - var(--stk-column-gap, 0px) * 2 \/ 3 ) !important;}}<\/style><div class=\"stk-column-wrapper stk-block-column__content stk-container stk-13b3063-container stk-hover-parent\"><div class=\"stk-block-content stk-inner-blocks stk-13b3063-inner-blocks\">\n<div class=\"wp-block-stackable-heading stk-block-heading stk-block-heading--v2 stk-block stk-3349d3e\" id=\"c-title-1-placeholder\" data-block-id=\"3349d3e\"><style>.stk-3349d3e .stk-block-heading__text{font-size:20px !important;color:#0f0e17 !important;line-height:1.2em !important;font-weight:600 !important;}@media screen and (max-width:999px){.stk-3349d3e .stk-block-heading__text{font-size:20px !important;}}@media screen and (max-width:689px){.stk-3349d3e .stk-block-heading__text{font-size:18px !important;}}<\/style><h2 class=\"stk-block-heading__text has-text-color has-text-align-center\">Pol\u00edtica de Anticorrupci\u00f3n de la Asociaci\u00f3n Pro Fauna, Silvestre, Ayacucho<br>Periodo 2021 &#8211; 2025<\/h2><\/div>\n\n\n\n<div class=\"wp-block-stackable-button-group stk-block-button-group stk-block stk-f6fb2f6\" data-block-id=\"f6fb2f6\"><div class=\"stk-row stk-inner-blocks has-text-align-center stk-block-content stk-button-group\">\n<div class=\"wp-block-stackable-button stk-block-button stk-block stk-4095694\" data-block-id=\"4095694\"><a class=\"stk-link stk-button stk--hover-effect-darken\" href=\"https:\/\/drive.google.com\/file\/d\/1S-mEO4vBaDIiwKc0M7pL5efEXE4CZfpl\/view\"><span class=\"stk-button__inner-text\">Documento pdf<\/span><\/a><\/div>\n<\/div><\/div>\n<\/div><\/div><\/div>\n\n\n\n<div class=\"wp-block-stackable-column stk-block-column stk-column stk-block stk-0d94b84\" data-v=\"4\" data-block-id=\"0d94b84\"><style>@media screen and (min-width:690px){.stk-0d94b84 {flex:var(--stk-flex-grow, 1) 1 calc(33.33% - var(--stk-column-gap, 0px) * 2 \/ 3 ) !important;}}<\/style><div class=\"stk-column-wrapper stk-block-column__content stk-container stk-0d94b84-container stk-hover-parent\"><div class=\"stk-block-content stk-inner-blocks stk-0d94b84-inner-blocks\">\n<div class=\"wp-block-stackable-heading stk-block-heading stk-block-heading--v2 stk-block stk-9958517\" id=\"c-title-1-placeholder\" data-block-id=\"9958517\"><style>.stk-9958517 .stk-block-heading__text{font-size:20px !important;color:var(--theme-palette-color-1, rgba(43, 106, 8, 0.91)) !important;line-height:1.2em !important;font-weight:600 !important;}@media screen and (max-width:999px){.stk-9958517 .stk-block-heading__text{font-size:20px !important;}}@media screen and (max-width:689px){.stk-9958517 .stk-block-heading__text{font-size:18px !important;}}<\/style><h2 class=\"stk-block-heading__text has-text-color has-text-align-center\"><span style=\"color: var(--theme-palette-color-3, #00110d);\" class=\"stk-highlight\">Pol\u00edtica de Salvaguarda de la ni\u00f1ez y de la juventud de la Asociaci\u00f3n Pro Fauna Silvestre Ayacucho, periodo 2021-2025<\/span><\/h2><\/div>\n\n\n\n<div class=\"wp-block-stackable-button-group stk-block-button-group stk-block stk-ffd017c\" data-block-id=\"ffd017c\"><div class=\"stk-row stk-inner-blocks has-text-align-center stk-block-content stk-button-group\">\n<div class=\"wp-block-stackable-button stk-block-button stk-block stk-2976332\" data-block-id=\"2976332\"><a class=\"stk-link stk-button stk--hover-effect-darken\" href=\"https:\/\/drive.google.com\/file\/d\/1PTX3uFq_EJ40SZdNWnR9PCfnpFuS60TY\/view\"><span class=\"stk-button__inner-text\">Documento pdf<\/span><\/a><\/div>\n<\/div><\/div>\n<\/div><\/div><\/div>\n<\/div><\/div>\n<\/div><\/div><\/div>\n<\/div><div class=\"stk-separator stk-separator__bottom\"><div class=\"stk-separator__wrapper\"><svg xmlns=\"http:\/\/www.w3.org\/2000\/svg\" viewbox=\"0 0 1600 200\" class=\"stk-separator__layer-1\" preserveaspectratio=\"none\" aria-hidden=\"true\"><path class=\"wave-1_svg__st2\" d=\"M1341.4 48.9c-182.4 0-254.2 80.4-429.4 80.4-117.8 0-209.7-67.5-393.5-67.5-142.2 0-212.6 38.8-324.6 38.8S-10 64.7-10 64.7V210h1620V102c-110.6-40.2-181-53.1-268.6-53.1z\"><\/path><\/svg><\/div><\/div><\/div>\n\n\n\n<p data-block-type=\"core\"><\/p>","protected":false},"excerpt":{"rendered":"<p>Nuestras Pol\u00edticas Institucionales Visi\u00f3n y objetivos de la Asociaci\u00f3n Pro Fauna Silvestre, AyacuchoPeriodo 2021 &#8211; 2025 Documento pdf C\u00f3digo de Conducta \u00c9tica de la Asociaci\u00f3n Pro Fauna Silvestre, Ayacucho Periodo 2021 &#8211; 2025 Documento pdf Pol\u00edtica de Seguridad y Salud en el Trabajo de laAsociaci\u00f3n Pro Fauna Silvestre, Ayacucho, Periodo 2021 &#8211; 2025 Documento pdf [&hellip;]<\/p>\n","protected":false},"author":1,"featured_media":0,"parent":0,"menu_order":0,"comment_status":"closed","ping_status":"closed","template":"","meta":{"footnotes":""},"class_list":["post-1834","page","type-page","status-publish","hentry"],"blocksy_meta":[],"_links":{"self":[{"href":"https:\/\/profaunasilvestre.com\/en\/wp-json\/wp\/v2\/pages\/1834","targetHints":{"allow":["GET"]}}],"collection":[{"href":"https:\/\/profaunasilvestre.com\/en\/wp-json\/wp\/v2\/pages"}],"about":[{"href":"https:\/\/profaunasilvestre.com\/en\/wp-json\/wp\/v2\/types\/page"}],"author":[{"embeddable":true,"href":"https:\/\/profaunasilvestre.com\/en\/wp-json\/wp\/v2\/users\/1"}],"replies":[{"embeddable":true,"href":"https:\/\/profaunasilvestre.com\/en\/wp-json\/wp\/v2\/comments?post=1834"}],"version-history":[{"count":12,"href":"https:\/\/profaunasilvestre.com\/en\/wp-json\/wp\/v2\/pages\/1834\/revisions"}],"predecessor-version":[{"id":2577,"href":"https:\/\/profaunasilvestre.com\/en\/wp-json\/wp\/v2\/pages\/1834\/revisions\/2577"}],"wp:attachment":[{"href":"https:\/\/profaunasilvestre.com\/en\/wp-json\/wp\/v2\/media?parent=1834"}],"curies":[{"name":"wp","href":"https:\/\/api.w.org\/{rel}","templated":true}]}}