{"id":1447,"date":"2025-06-03T19:51:11","date_gmt":"2025-06-04T00:51:11","guid":{"rendered":"https:\/\/profaunasilvestre.com\/proyecto-quechua-mayunmarka\/"},"modified":"2026-03-19T21:35:50","modified_gmt":"2026-03-20T02:35:50","slug":"proyecto-quechua-mayunmarka","status":"publish","type":"page","link":"https:\/\/profaunasilvestre.com\/en\/proyecto-quechua-mayunmarka\/","title":{"rendered":"Proyecto Quechua Mayunmarka"},"content":{"rendered":"<div class=\"wp-block-stackable-columns alignwide stk-block-columns stk-block stk-10bc3dc\" data-block-id=\"10bc3dc\"><style>.stk-10bc3dc .stk--block-align-10bc3dc{align-items:center !important;}.stk-10bc3dc {min-height:250px !important;align-items:center !important;display:flex !important;}.stk-10bc3dc-column{justify-content:center !important;}<\/style><div class=\"stk-row stk-inner-blocks stk--block-align-10bc3dc stk-block-content stk-content-align stk-10bc3dc-column stk--flex alignwide\">\n<div class=\"wp-block-stackable-column stk-block-column stk-column stk-block stk-0113372\" data-v=\"4\" data-block-id=\"0113372\"><div class=\"stk-column-wrapper stk-block-column__content stk-container stk-0113372-container stk--no-background stk--no-padding\"><div class=\"stk-block-content stk-inner-blocks stk-0113372-inner-blocks\">\n<div class=\"wp-block-stackable-subtitle stk-block-subtitle stk-block stk-a701310\" data-block-id=\"a701310\"><style>.stk-a701310 {margin-bottom:4px !important;}.stk-a701310 .stk-block-subtitle__text{font-size:25px !important;text-transform:uppercase !important;}@media screen and (max-width:999px){.stk-a701310 .stk-block-subtitle__text{font-size:25px !important;}}<\/style><p class=\"stk-block-subtitle__text stk-subtitle has-text-align-center\">PROYECTO<\/p><\/div>\n\n\n\n<div class=\"wp-block-stackable-heading stk-block-heading stk-block-heading--v2 stk-block stk-3e616bb\" id=\"heading-placeholder\" data-block-id=\"3e616bb\"><style>.stk-3e616bb .stk-block-heading__text{font-size:40px !important;font-family:\"lora\", Sans-serif !important;}@media screen and (max-width:999px){.stk-3e616bb .stk-block-heading__text{font-size:40px !important;}}<\/style><h2 class=\"stk-block-heading__text has-text-align-center\"><strong>Atlas Vivo Quechua Mayunmarka<\/strong><\/h2><\/div>\n<\/div><\/div><\/div>\n<\/div><\/div>\n\n\n\n<div class=\"wp-block-stackable-columns alignfull stk-block-columns stk-block stk-2dc1a64 stk-block-background\" data-block-id=\"2dc1a64\"><style>.stk-2dc1a64 {align-items:center !important;margin-top:var(--stk--preset--spacing--none, 0px) !important;margin-bottom:0px !important;display:flex !important;}.stk-2dc1a64-column{--stk-columns-spacing:22px !important;--stk-column-gap:var(--stk--preset--spacing--50, clamp(30px, 5vw, 50px)) !important;}<\/style><div class=\"stk-row stk-inner-blocks stk-block-content stk-content-align stk-2dc1a64-column alignwide\">\n<div class=\"wp-block-stackable-column stk-block-column stk-column stk-block stk-741b689\" data-v=\"4\" data-block-id=\"741b689\"><div class=\"stk-column-wrapper stk-block-column__content stk-container stk-741b689-container stk--no-background stk--no-padding\"><div class=\"stk-block-content stk-inner-blocks stk-741b689-inner-blocks\">\n<div class=\"wp-block-stackable-image stk-block-image stk-block stk-3f3d1bb\" data-block-id=\"3f3d1bb\"><style>.stk-3f3d1bb .stk-img-wrapper{height:522px !important;}<\/style><figure><span class=\"stk-img-wrapper stk-image--shape-stretch\"><img loading=\"lazy\" decoding=\"async\" class=\"stk-img wp-image-1870\" src=\"http:\/\/profaunasilvestre.com\/wp-content\/uploads\/2025\/11\/MG_6776-09-09-2025-11-10-55.jpeg\" width=\"1440\" height=\"992\" srcset=\"https:\/\/profaunasilvestre.com\/wp-content\/uploads\/2025\/11\/MG_6776-09-09-2025-11-10-55.jpeg 1440w, https:\/\/profaunasilvestre.com\/wp-content\/uploads\/2025\/11\/MG_6776-09-09-2025-11-10-55-600x413.jpeg 600w, https:\/\/profaunasilvestre.com\/wp-content\/uploads\/2025\/11\/MG_6776-09-09-2025-11-10-55-300x207.jpeg 300w, https:\/\/profaunasilvestre.com\/wp-content\/uploads\/2025\/11\/MG_6776-09-09-2025-11-10-55-1024x705.jpeg 1024w, https:\/\/profaunasilvestre.com\/wp-content\/uploads\/2025\/11\/MG_6776-09-09-2025-11-10-55-768x529.jpeg 768w\" sizes=\"auto, (max-width: 1440px) 100vw, 1440px\" \/><\/span><\/figure><\/div>\n<\/div><\/div><\/div>\n\n\n\n<div class=\"wp-block-stackable-column stk-block-column stk-column stk-block stk-5bfaebf\" data-v=\"4\" data-block-id=\"5bfaebf\"><div class=\"stk-column-wrapper stk-block-column__content stk-container stk-5bfaebf-container stk--no-background stk--no-padding\"><div class=\"stk-block-content stk-inner-blocks stk-5bfaebf-inner-blocks\">\n<div class=\"wp-block-stackable-text stk-block-text stk-block stk-3482c70\" data-block-id=\"3482c70\"><style>.stk-3482c70 {margin-bottom:0px !important;}.stk-3482c70 .stk-block-text__text{font-size:25px !important;color:#0f0e17 !important;font-family:\"Lora\", Sans-serif !important;}@media screen and (max-width:999px){.stk-3482c70 .stk-block-text__text{font-size:25px !important;}}<\/style><p class=\"stk-block-text__text has-text-color\"><strong><strong>Resumen:<\/strong><\/strong><\/p><\/div>\n\n\n\n<div class=\"wp-block-stackable-text stk-block-text stk-block stk-e9ab768\" data-block-id=\"e9ab768\"><style>.stk-e9ab768 {margin-bottom:0px !important;}.stk-e9ab768 .stk-block-text__text{color:#0f0e17 !important;font-weight:400 !important;font-family:-apple-system, BlinkMacSystemFont, \"Segoe UI\", Roboto, Helvetica, Arial, sans-serif, \"Apple Color Emoji\", \"Segoe UI Emoji\", \"Segoe UI Symbol\" !important;}<\/style><p class=\"stk-block-text__text has-text-color has-text-align-left\">Una de las estrategias para la adaptaci\u00f3n al cambio clim\u00e1tico y la consecuci\u00f3n de los Objetivos de Desarrollo Sostenible es establecer la relaci\u00f3n entre cultura, medio ambiente e idioma. Donde los saberes ancestrales y el lenguaje tienen que ser revalorizados y revitalizados. Dado que el quechua incorpora informaci\u00f3n local muy valiosa, junto con la ciencia moderna, la comprensi\u00f3n de estos t\u00e9rminos puede generar una mejor comprensi\u00f3n del medio ambiente y as\u00ed lograr estrategias sostenibles para el uso, manejo y manejo del patrimonio natural y cultural. <\/p><\/div>\n\n\n\n<div class=\"wp-block-stackable-subtitle stk-block-subtitle stk-block stk-fc1465b\" data-block-id=\"fc1465b\"><style>.stk-fc1465b .stk-block-subtitle__text{text-shadow:0px 0px 100px #47494fff !important;font-size:18px !important;font-weight:400 !important;font-family:-apple-system, BlinkMacSystemFont, \"Segoe UI\", Roboto, Helvetica, Arial, sans-serif, \"Apple Color Emoji\", \"Segoe UI Emoji\", \"Segoe UI Symbol\" !important;}@media screen and (max-width:999px){.stk-fc1465b .stk-block-subtitle__text{font-size:18px !important;}}<\/style><p class=\"stk-block-subtitle__text stk-subtitle\"><br>La recopilaci\u00f3n de informaci\u00f3n a modo de atlas ling\u00fc\u00edstico de flora y fauna en quechua ayudar\u00e1 a comprender y profundizar en el concepto de saberes y patrones culturales relevantes para el medio que est\u00e1n incrustados en la lengua y su gram\u00e1tica. La relaci\u00f3n entre los pueblos andinos y el medio ambiente es decididamente cultural, y conocer bien el idioma local es estrat\u00e9gico para el desarrollo sostenible.<\/p><\/div>\n<\/div><\/div><\/div>\n<\/div><\/div>\n\n\n\n<div class=\"wp-block-stackable-columns alignwide stk-block-columns stk-block stk-763009c stk-block-background\" data-block-id=\"763009c\"><style>.stk-763009c {background-color:#f2f2e1 !important;}.stk-763009c:before{background-color:#f2f2e1 !important;}<\/style><div class=\"stk-row stk-inner-blocks stk-block-content stk-content-align stk-763009c-column alignwide\">\n<div class=\"wp-block-stackable-column stk-block-column stk-column stk-block stk-8ed264f\" data-v=\"4\" data-block-id=\"8ed264f\"><style>.stk-8ed264f {align-self:center !important;}.stk-8ed264f-inner-blocks{row-gap:44px !important;}.stk-8ed264f-container{min-height:0px !important;}@media screen and (min-width:690px){.stk-8ed264f {flex:var(--stk-flex-grow, 1) 1 calc(28.4% - var(--stk-column-gap, 0px) * 1 \/ 2 ) !important;}}<\/style><div class=\"stk-column-wrapper stk-block-column__content stk-container stk-8ed264f-container stk--no-background stk--no-padding\"><div class=\"stk-block-content stk-inner-blocks stk-8ed264f-inner-blocks\">\n<div class=\"wp-block-stackable-text stk-block-text stk-block stk-9d9cc96\" data-block-id=\"9d9cc96\"><style>.stk-9d9cc96 {margin-bottom:0px !important;}.stk-9d9cc96 .stk-block-text__text{font-size:25px !important;color:#0f0e17 !important;font-family:\"Lora\", Sans-serif !important;}@media screen and (max-width:999px){.stk-9d9cc96 .stk-block-text__text{font-size:25px !important;}}<\/style><p class=\"stk-block-text__text has-text-color\"><strong>Integrantes del proyectos:<\/strong><\/p><\/div>\n\n\n\n<div class=\"wp-block-stackable-text stk-block-text stk-block stk-e77d1e4\" data-block-id=\"e77d1e4\"><style>.stk-e77d1e4 {column-gap:7px !important;}.stk-e77d1e4 .stk-block-text__text{font-size:18px !important;color:#0f0e17 !important;line-height:2em !important;font-family:\"Lora\", Sans-serif !important;letter-spacing:0.5px !important;}@media screen and (max-width:999px){.stk-e77d1e4 .stk-block-text__text{font-size:18px !important;}}<\/style><p class=\"stk-block-text__text has-text-color\">&#8211; Paula DosSantos Papel<br>&#8211; Jose\u00a0Montoya Ccaicuri<br>&#8211; Rene\u00a0Vilchez Oscco<br>&#8211; Marleny\u00a0Prada de la Cruz\u00a0<br>&#8211; Lesly\u00a0Paraguay de la Cruz\u00a0<\/p><\/div>\n<\/div><\/div><\/div>\n\n\n\n<div class=\"wp-block-stackable-column stk-block-column stk-column stk-block stk-2b9e4f9\" data-v=\"4\" data-block-id=\"2b9e4f9\"><style>@media screen and (min-width:690px){.stk-2b9e4f9 {flex:var(--stk-flex-grow, 1) 1 calc(71.6% - var(--stk-column-gap, 0px) * 1 \/ 2 ) !important;}}<\/style><div class=\"stk-column-wrapper stk-block-column__content stk-container stk-2b9e4f9-container stk--no-background stk--no-padding\"><div class=\"stk-block-content stk-inner-blocks stk-2b9e4f9-inner-blocks\">\n<div class=\"wp-block-stackable-image stk-block-image stk-block stk-043e69c\" data-block-id=\"043e69c\"><style>.stk-043e69c .stk-img-wrapper{height:400px !important;}<\/style><figure><span class=\"stk-img-wrapper stk-image--shape-stretch\"><img loading=\"lazy\" decoding=\"async\" class=\"stk-img wp-image-1357\" src=\"http:\/\/profaunasilvestre.com\/wp-content\/uploads\/2025\/05\/image.png\" width=\"1681\" height=\"841\" srcset=\"https:\/\/profaunasilvestre.com\/wp-content\/uploads\/2025\/05\/image.png 1681w, https:\/\/profaunasilvestre.com\/wp-content\/uploads\/2025\/05\/image-600x300.png 600w, https:\/\/profaunasilvestre.com\/wp-content\/uploads\/2025\/05\/image-300x150.png 300w, https:\/\/profaunasilvestre.com\/wp-content\/uploads\/2025\/05\/image-1024x512.png 1024w, https:\/\/profaunasilvestre.com\/wp-content\/uploads\/2025\/05\/image-768x384.png 768w, https:\/\/profaunasilvestre.com\/wp-content\/uploads\/2025\/05\/image-1536x768.png 1536w\" sizes=\"auto, (max-width: 1681px) 100vw, 1681px\" \/><\/span><\/figure><\/div>\n<\/div><\/div><\/div>\n<\/div><\/div>\n\n\n\n<div class=\"wp-block-stackable-columns alignwide stk-block-columns stk-block stk-e95f8f8\" data-block-id=\"e95f8f8\"><style>.stk-e95f8f8 {margin-top:var(--stk--preset--spacing--70, 3.38rem) !important;margin-bottom:var(--stk--preset--spacing--70, 3.38rem) !important;}<\/style><div class=\"stk-row stk-inner-blocks stk-block-content stk-content-align stk-e95f8f8-column alignwide\">\n<div class=\"wp-block-stackable-column stk-block-column stk-column stk-block stk-f44aa57\" data-v=\"4\" data-block-id=\"f44aa57\"><div class=\"stk-column-wrapper stk-block-column__content stk-container stk-f44aa57-container stk--no-background stk--no-padding\"><div class=\"stk-block-content stk-inner-blocks stk-f44aa57-inner-blocks\">\n<div class=\"wp-block-stackable-heading stk-block-heading stk-block-heading--v2 stk-block stk-86cecf0\" id=\"strong-galeria-de-fotos-strong\" data-block-id=\"86cecf0\"><style>.stk-86cecf0 {margin-bottom:0px !important;}.stk-86cecf0 .stk-block-heading__text{font-size:32px !important;color:var(--theme-palette-color-6, #02121d) !important;font-weight:400 !important;font-family:\"Lora\", Sans-serif !important;}@media screen and (max-width:999px){.stk-86cecf0 .stk-block-heading__text{font-size:32px !important;}}<\/style><h2 class=\"stk-block-heading__text has-text-color has-text-align-center\"><strong>Galer\u00eda de fotos<\/strong><\/h2><\/div>\n\n\n\n<div class=\"wp-block-stackable-carousel stk-block-carousel stk--is-slide stk--arrows-justify-space-between stk--arrows-align-center stk-block stk-ed37a03\" data-slides-to-show=\"\" data-block-id=\"ed37a03\"><style>.stk-ed37a03 .stk-block-carousel__dots{--dot-offset:-35px !important;}.stk-ed37a03 .stk-block-carousel__dot{--dot-color:#ffffff !important;}.stk-ed37a03 .stk-block-carousel__dot.stk-block-carousel__dot--active:before{background-color:#ffffff !important;}<\/style><div class=\"stk-block-carousel__content-wrapper\"><div class=\"stk-row stk-inner-blocks stk-block-content stk-block-carousel__slider-wrapper stk-content-align stk-ed37a03-column\"><div class=\"stk-block-carousel__slider\" role=\"list\" data-autoplay=\"4000\" data-label-slide-of=\"Slide %%d of %%d\" tabindex=\"0\">\n<div class=\"wp-block-stackable-column stk-block-column stk-column stk-block stk-c00a178\" data-v=\"4\" data-block-id=\"c00a178\"><div class=\"stk-column-wrapper stk-block-column__content stk-container stk-c00a178-container stk--no-background stk--no-padding\"><div class=\"stk-block-content stk-inner-blocks stk-c00a178-inner-blocks\">\n<div class=\"wp-block-stackable-image stk-block-image stk-block stk-d64d45a\" data-block-id=\"d64d45a\"><style>.stk-d64d45a .stk-img-wrapper{height:450px !important;}<\/style><figure><span class=\"stk-img-wrapper stk-image--shape-stretch\"><img loading=\"lazy\" decoding=\"async\" class=\"stk-img wp-image-3984\" src=\"http:\/\/profaunasilvestre.com\/wp-content\/uploads\/2026\/03\/DSC_0145-29-03-2025-19-11-05-scaled.jpeg\" width=\"2560\" height=\"1696\" alt=\"\" srcset=\"https:\/\/profaunasilvestre.com\/wp-content\/uploads\/2026\/03\/DSC_0145-29-03-2025-19-11-05-scaled.jpeg 2560w, https:\/\/profaunasilvestre.com\/wp-content\/uploads\/2026\/03\/DSC_0145-29-03-2025-19-11-05-300x199.jpeg 300w, https:\/\/profaunasilvestre.com\/wp-content\/uploads\/2026\/03\/DSC_0145-29-03-2025-19-11-05-1024x678.jpeg 1024w, https:\/\/profaunasilvestre.com\/wp-content\/uploads\/2026\/03\/DSC_0145-29-03-2025-19-11-05-768x509.jpeg 768w, https:\/\/profaunasilvestre.com\/wp-content\/uploads\/2026\/03\/DSC_0145-29-03-2025-19-11-05-1536x1017.jpeg 1536w, https:\/\/profaunasilvestre.com\/wp-content\/uploads\/2026\/03\/DSC_0145-29-03-2025-19-11-05-2048x1356.jpeg 2048w, https:\/\/profaunasilvestre.com\/wp-content\/uploads\/2026\/03\/DSC_0145-29-03-2025-19-11-05-18x12.jpeg 18w, https:\/\/profaunasilvestre.com\/wp-content\/uploads\/2026\/03\/DSC_0145-29-03-2025-19-11-05-600x397.jpeg 600w\" sizes=\"auto, (max-width: 2560px) 100vw, 2560px\" \/><\/span><\/figure><\/div>\n<\/div><\/div><\/div>\n\n\n\n<div class=\"wp-block-stackable-column stk-block-column stk-column stk-block stk-36dbde6\" data-v=\"4\" data-block-id=\"36dbde6\"><div class=\"stk-column-wrapper stk-block-column__content stk-container stk-36dbde6-container stk--no-background stk--no-padding\"><div class=\"stk-block-content stk-inner-blocks stk-36dbde6-inner-blocks\">\n<div class=\"wp-block-stackable-image stk-block-image stk-block stk-0ddcad5\" data-block-id=\"0ddcad5\"><style>.stk-0ddcad5 .stk-img-wrapper{height:450px !important;}<\/style><figure><span class=\"stk-img-wrapper stk-image--shape-stretch\"><img loading=\"lazy\" decoding=\"async\" class=\"stk-img wp-image-3982\" src=\"http:\/\/profaunasilvestre.com\/wp-content\/uploads\/2026\/03\/DSC_0893h-scaled.jpeg\" width=\"2560\" height=\"1711\" srcset=\"https:\/\/profaunasilvestre.com\/wp-content\/uploads\/2026\/03\/DSC_0893h-scaled.jpeg 2560w, https:\/\/profaunasilvestre.com\/wp-content\/uploads\/2026\/03\/DSC_0893h-300x201.jpeg 300w, https:\/\/profaunasilvestre.com\/wp-content\/uploads\/2026\/03\/DSC_0893h-1024x684.jpeg 1024w, https:\/\/profaunasilvestre.com\/wp-content\/uploads\/2026\/03\/DSC_0893h-768x513.jpeg 768w, https:\/\/profaunasilvestre.com\/wp-content\/uploads\/2026\/03\/DSC_0893h-1536x1027.jpeg 1536w, https:\/\/profaunasilvestre.com\/wp-content\/uploads\/2026\/03\/DSC_0893h-2048x1369.jpeg 2048w, https:\/\/profaunasilvestre.com\/wp-content\/uploads\/2026\/03\/DSC_0893h-18x12.jpeg 18w, https:\/\/profaunasilvestre.com\/wp-content\/uploads\/2026\/03\/DSC_0893h-600x401.jpeg 600w\" sizes=\"auto, (max-width: 2560px) 100vw, 2560px\" \/><\/span><\/figure><\/div>\n<\/div><\/div><\/div>\n\n\n\n<div class=\"wp-block-stackable-column stk-block-column stk-column stk-block stk-a8d4792\" data-v=\"4\" data-block-id=\"a8d4792\"><div class=\"stk-column-wrapper stk-block-column__content stk-container stk-a8d4792-container stk--no-background stk--no-padding\"><div class=\"stk-block-content stk-inner-blocks stk-a8d4792-inner-blocks\">\n<div class=\"wp-block-stackable-image stk-block-image stk-block stk-6eabdba\" data-block-id=\"6eabdba\"><style>.stk-6eabdba .stk-img-wrapper{height:450px !important;}<\/style><figure><span class=\"stk-img-wrapper stk-image--shape-stretch\"><img loading=\"lazy\" decoding=\"async\" class=\"stk-img wp-image-2628\" src=\"http:\/\/profaunasilvestre.com\/wp-content\/uploads\/2025\/12\/WhatsApp-Image-2025-12-15-at-4.19.48-PM-3.jpeg\" width=\"1600\" height=\"900\" srcset=\"https:\/\/profaunasilvestre.com\/wp-content\/uploads\/2025\/12\/WhatsApp-Image-2025-12-15-at-4.19.48-PM-3.jpeg 1600w, https:\/\/profaunasilvestre.com\/wp-content\/uploads\/2025\/12\/WhatsApp-Image-2025-12-15-at-4.19.48-PM-3-300x169.jpeg 300w, https:\/\/profaunasilvestre.com\/wp-content\/uploads\/2025\/12\/WhatsApp-Image-2025-12-15-at-4.19.48-PM-3-1024x576.jpeg 1024w, https:\/\/profaunasilvestre.com\/wp-content\/uploads\/2025\/12\/WhatsApp-Image-2025-12-15-at-4.19.48-PM-3-768x432.jpeg 768w, https:\/\/profaunasilvestre.com\/wp-content\/uploads\/2025\/12\/WhatsApp-Image-2025-12-15-at-4.19.48-PM-3-1536x864.jpeg 1536w, https:\/\/profaunasilvestre.com\/wp-content\/uploads\/2025\/12\/WhatsApp-Image-2025-12-15-at-4.19.48-PM-3-600x338.jpeg 600w\" sizes=\"auto, (max-width: 1600px) 100vw, 1600px\" \/><\/span><\/figure><\/div>\n<\/div><\/div><\/div>\n<\/div><\/div><div class=\"stk-block-carousel__dots\" role=\"list\" data-label=\"Slide %%d\"><\/div><\/div><\/div>\n<\/div><\/div><\/div>\n<\/div><\/div>\n\n\n\n<div class=\"wp-block-stackable-heading stk-block-heading stk-block-heading--v2 stk-block stk-733e6c9\" id=\"strong-en-colaboracion-con-strong\" data-block-id=\"733e6c9\"><style>.stk-733e6c9 {margin-bottom:0px !important;}.stk-733e6c9 .stk-block-heading__text{font-size:32px !important;color:var(--theme-palette-color-6, #02121d) !important;font-weight:300 !important;font-family:\"Lora\", Sans-serif !important;}@media screen and (max-width:999px){.stk-733e6c9 .stk-block-heading__text{font-size:32px !important;}}<\/style><h2 class=\"stk-block-heading__text has-text-color has-text-align-center\"><strong>En colaboraci\u00f3n con<\/strong>:<\/h2><\/div>\n\n\n\n<div class=\"wp-block-stackable-columns alignwide stk-block-columns stk-block stk-4d11ea8\" data-block-id=\"4d11ea8\"><style>.stk-4d11ea8 {margin-bottom:14px !important;}<\/style><div class=\"stk-row stk-inner-blocks stk-block-content stk-content-align stk-4d11ea8-column alignwide\">\n<div class=\"wp-block-stackable-column stk-block-column stk-column stk-block stk-f1a875f\" data-v=\"4\" data-block-id=\"f1a875f\"><div class=\"stk-column-wrapper stk-block-column__content stk-container stk-f1a875f-container stk--no-background stk--no-padding\"><div class=\"stk-block-content stk-inner-blocks stk-f1a875f-inner-blocks\">\n<div class=\"wp-block-stackable-columns stk-block-columns stk-block stk-46bd701\" data-block-id=\"46bd701\"><style>.stk-46bd701-column{--stk-column-gap:24px !important;}<\/style><div class=\"stk-row stk-inner-blocks stk-block-content stk-content-align stk-46bd701-column\">\n<div class=\"wp-block-stackable-column stk-block-column stk-column stk-block stk-a825789\" data-v=\"4\" data-block-id=\"a825789\"><style>.stk-a825789-container{margin-top:0px !important;margin-right:0px !important;margin-bottom:0px !important;margin-left:0px !important;}<\/style><div class=\"stk-column-wrapper stk-block-column__content stk-container stk-a825789-container stk--no-background stk--no-padding\"><div class=\"stk-block-content stk-inner-blocks stk-a825789-inner-blocks\">\n<div class=\"wp-block-stackable-image stk-block-image stk-block stk-32b4fc2\" data-block-id=\"32b4fc2\"><style>.stk-32b4fc2 .stk-img-wrapper{width:100% !important;height:264px !important;}.stk-32b4fc2 .stk-img-wrapper img{transform:scale(0.49) !important;}<\/style><figure><span class=\"stk-img-wrapper stk-image--shape-stretch\"><img loading=\"lazy\" decoding=\"async\" class=\"stk-img wp-image-1452\" src=\"http:\/\/profaunasilvestre.com\/wp-content\/uploads\/2025\/06\/unsch-scaled.png\" width=\"2560\" height=\"1249\" srcset=\"https:\/\/profaunasilvestre.com\/wp-content\/uploads\/2025\/06\/unsch-scaled.png 2560w, https:\/\/profaunasilvestre.com\/wp-content\/uploads\/2025\/06\/unsch-scaled-600x293.png 600w, https:\/\/profaunasilvestre.com\/wp-content\/uploads\/2025\/06\/unsch-300x146.png 300w, https:\/\/profaunasilvestre.com\/wp-content\/uploads\/2025\/06\/unsch-1024x499.png 1024w, https:\/\/profaunasilvestre.com\/wp-content\/uploads\/2025\/06\/unsch-768x375.png 768w, https:\/\/profaunasilvestre.com\/wp-content\/uploads\/2025\/06\/unsch-1536x749.png 1536w, https:\/\/profaunasilvestre.com\/wp-content\/uploads\/2025\/06\/unsch-2048x999.png 2048w\" sizes=\"auto, (max-width: 2560px) 100vw, 2560px\" \/><\/span><\/figure><\/div>\n<\/div><\/div><\/div>\n\n\n\n<div class=\"wp-block-stackable-column stk-block-column stk-column stk-block stk-3c593fe\" data-v=\"4\" data-block-id=\"3c593fe\"><style>.stk-3c593fe-container{margin-top:0px !important;margin-right:0px !important;margin-bottom:0px !important;margin-left:0px !important;min-height:0px !important;max-width:1500px !important;min-width:auto !important;}.stk-3c593fe {align-self:center !important;}<\/style><div class=\"stk-column-wrapper stk-block-column__content stk-container stk-3c593fe-container stk--no-background stk--no-padding\"><div class=\"stk-block-content stk-inner-blocks stk-3c593fe-inner-blocks\">\n<div class=\"wp-block-stackable-image stk-block-image stk-block stk-5023d5e\" data-block-id=\"5023d5e\"><style>.stk-5023d5e .stk-img-wrapper{width:71% !important;height:75px !important;}<\/style><figure><span class=\"stk-img-wrapper stk-image--shape-stretch\"><img loading=\"lazy\" decoding=\"async\" class=\"stk-img wp-image-1454\" src=\"http:\/\/profaunasilvestre.com\/wp-content\/uploads\/2025\/06\/descarga-removebg-preview.png\" width=\"525\" height=\"96\" srcset=\"https:\/\/profaunasilvestre.com\/wp-content\/uploads\/2025\/06\/descarga-removebg-preview.png 525w, https:\/\/profaunasilvestre.com\/wp-content\/uploads\/2025\/06\/descarga-removebg-preview-300x55.png 300w\" sizes=\"auto, (max-width: 525px) 100vw, 525px\" \/><\/span><\/figure><\/div>\n<\/div><\/div><\/div>\n<\/div><\/div>\n<\/div><\/div><\/div>\n<\/div><\/div>\n\n\n\n<div class=\"wp-block-stackable-heading stk-block-heading stk-block-heading--v2 stk-block stk-f7afab5\" id=\"strong-ubicacion-del-proyecto-strong\" data-block-id=\"f7afab5\"><style>.stk-f7afab5 .stk-block-heading__text{font-size:30px !important;color:var(--theme-palette-color-6, #02121d) !important;font-weight:300 !important;font-family:\"Lora\", Sans-serif !important;}@media screen and (max-width:999px){.stk-f7afab5 .stk-block-heading__text{font-size:30px !important;}}<\/style><h2 class=\"stk-block-heading__text has-text-color has-text-align-center\"><strong>Ubicaci\u00f3n del proyecto:<\/strong><\/h2><\/div>\n\n\n\n<div class=\"wp-block-stackable-map stk-block-map stk-block stk-fe6e7f4\" data-block-id=\"fe6e7f4\"><iframe\n\t\t\t\t\t\ttitle=\"Embedded content from Google Maps Platform.\"\n\t\t\t\t\t\tsrc=\"https:\/\/maps.google.com\/maps?q=Quezon City&#038;t=&#038;z=12&#038;ie=UTF8&#038;output=embed\"\n\t\t\t\t\t\tstyle=\"border:0;width:100%;max-width:none;max-height:none;height:100%;\"\n\t\t\t\t\t\taria-hidden=\"false\"\n\t\t\t\t\t\ttabindex=\"0\"\n\t\t\t\t\t\tallowfullscreen\n\t\t\t\t\t\tloading=\"lazy\"\n\t\t\t\t\t\tframeborder=\"0\"\n\t\t\t\t\t><\/iframe><\/div>\n\n\n\n<p data-block-type=\"core\"><\/p>","protected":false},"excerpt":{"rendered":"<p>PROYECTO Atlas Vivo Quechua Mayunmarka Resumen: Una de las estrategias para la adaptaci\u00f3n al cambio clim\u00e1tico y la consecuci\u00f3n de los Objetivos de Desarrollo Sostenible es establecer la relaci\u00f3n entre cultura, medio ambiente e idioma. Donde los saberes ancestrales y el lenguaje tienen que ser revalorizados y revitalizados. Dado que el quechua incorpora informaci\u00f3n local [&hellip;]<\/p>\n","protected":false},"author":1,"featured_media":0,"parent":0,"menu_order":0,"comment_status":"closed","ping_status":"closed","template":"","meta":{"footnotes":""},"class_list":["post-1447","page","type-page","status-publish","hentry"],"blocksy_meta":[],"_links":{"self":[{"href":"https:\/\/profaunasilvestre.com\/en\/wp-json\/wp\/v2\/pages\/1447","targetHints":{"allow":["GET"]}}],"collection":[{"href":"https:\/\/profaunasilvestre.com\/en\/wp-json\/wp\/v2\/pages"}],"about":[{"href":"https:\/\/profaunasilvestre.com\/en\/wp-json\/wp\/v2\/types\/page"}],"author":[{"embeddable":true,"href":"https:\/\/profaunasilvestre.com\/en\/wp-json\/wp\/v2\/users\/1"}],"replies":[{"embeddable":true,"href":"https:\/\/profaunasilvestre.com\/en\/wp-json\/wp\/v2\/comments?post=1447"}],"version-history":[{"count":11,"href":"https:\/\/profaunasilvestre.com\/en\/wp-json\/wp\/v2\/pages\/1447\/revisions"}],"predecessor-version":[{"id":3985,"href":"https:\/\/profaunasilvestre.com\/en\/wp-json\/wp\/v2\/pages\/1447\/revisions\/3985"}],"wp:attachment":[{"href":"https:\/\/profaunasilvestre.com\/en\/wp-json\/wp\/v2\/media?parent=1447"}],"curies":[{"name":"wp","href":"https:\/\/api.w.org\/{rel}","templated":true}]}}