{"id":1114,"date":"2025-04-24T17:24:48","date_gmt":"2025-04-24T22:24:48","guid":{"rendered":"https:\/\/profaunasilvestre.com\/proyecto-rana-de-colan\/"},"modified":"2026-03-19T21:06:54","modified_gmt":"2026-03-20T02:06:54","slug":"proyecto-rana-de-colan","status":"publish","type":"page","link":"https:\/\/profaunasilvestre.com\/en\/proyecto-rana-de-colan\/","title":{"rendered":"Proyecto Rana de Colan"},"content":{"rendered":"<div class=\"wp-block-stackable-columns alignwide stk-block-columns stk-block stk-2dc1a64\" data-block-id=\"2dc1a64\"><style>.stk-2dc1a64 {margin-top:var(--stk--preset--spacing--70, 3.38rem) !important;margin-bottom:var(--stk--preset--spacing--70, 3.38rem) !important;}.stk-2dc1a64-column{--stk-columns-spacing:35px !important;--stk-column-gap:var(--stk--preset--spacing--50, clamp(30px, 5vw, 50px)) !important;}<\/style><div class=\"stk-row stk-inner-blocks stk-block-content stk-content-align stk-2dc1a64-column alignwide\">\n<div class=\"wp-block-stackable-column stk-block-column stk-column stk-block stk-c05d241 stk-block-background stk--has-background-overlay\" data-v=\"4\" data-block-id=\"c05d241\"><style>.stk-c05d241 {background-image:url(http:\/\/profaunasilvestre.com\/wp-content\/uploads\/2025\/04\/T.colanensis.jpg) !important;}<\/style><div class=\"stk-column-wrapper stk-block-column__content stk-container stk-c05d241-container stk--no-background stk--no-padding\"><div class=\"stk-block-content stk-inner-blocks stk-c05d241-inner-blocks\"><\/div><\/div><\/div>\n\n\n\n<div class=\"wp-block-stackable-column stk-block-column stk-column stk-block stk-c2966ac\" data-v=\"4\" data-block-id=\"c2966ac\"><div class=\"stk-column-wrapper stk-block-column__content stk-container stk-c2966ac-container stk--no-background stk--no-padding\"><div class=\"stk-block-content stk-inner-blocks stk-c2966ac-inner-blocks\">\n<div class=\"wp-block-stackable-heading stk-block-heading stk-block-heading--v2 stk-block stk-21d0b21\" id=\"heading-placeholder\" data-block-id=\"21d0b21\"><style>.stk-21d0b21 {margin-bottom:16px !important;}.stk-21d0b21 .stk-block-heading__text{font-size:30px !important;line-height:1.3em !important;font-style:normal !important;font-family:-apple-system, BlinkMacSystemFont, \"Segoe UI\", Roboto, Helvetica, Arial, sans-serif, \"Apple Color Emoji\", \"Segoe UI Emoji\", \"Segoe UI Symbol\" !important;}@media screen and (max-width:999px){.stk-21d0b21 .stk-block-heading__text{font-size:30px !important;}}<\/style><h2 class=\"stk-block-heading__text\">En busca la \u201crana acu\u00e1tica de Colan\u201d Telmatobius colanensis:                                                               Evaluaci\u00f3n del estado de conservaci\u00f3n e implementaci\u00f3n de un programa de monitoreo en el Santuario Nacional Cordillera de Col\u00e1n<\/h2><\/div>\n\n\n\n<div class=\"wp-block-stackable-text stk-block-text stk-block stk-4fb9c35\" data-block-id=\"4fb9c35\"><style>.stk-4fb9c35 {margin-bottom:0px !important;}.stk-4fb9c35 .stk-block-text__text{font-size:20px !important;color:#0f0e17 !important;}@media screen and (max-width:999px){.stk-4fb9c35 .stk-block-text__text{font-size:20px !important;}}<\/style><p class=\"stk-block-text__text has-text-color\"><strong><strong><strong>Coordinador del Proyecto: <\/strong><\/strong><\/strong><\/p><\/div>\n\n\n\n<div class=\"wp-block-stackable-text stk-block-text stk-block stk-9761dc0\" data-block-id=\"9761dc0\"><style>.stk-9761dc0 {margin-bottom:32px !important;}.stk-9761dc0 .stk-block-text__text{font-size:20px !important;color:#0f0e17 !important;}@media screen and (max-width:999px){.stk-9761dc0 .stk-block-text__text{font-size:20px !important;}}<\/style><p class=\"stk-block-text__text has-text-color\">Blgo. V\u00edctor J. Vargas Garc\u00eda<\/p><\/div>\n\n\n\n<div class=\"wp-block-stackable-text stk-block-text stk-block stk-e5c03aa\" data-block-id=\"e5c03aa\"><style>.stk-e5c03aa {margin-bottom:0px !important;}.stk-e5c03aa .stk-block-text__text{font-size:20px !important;color:#0f0e17 !important;}@media screen and (max-width:999px){.stk-e5c03aa .stk-block-text__text{font-size:20px !important;}}<\/style><p class=\"stk-block-text__text has-text-color\"><strong>Integrantes del Proyecto:<\/strong><\/p><\/div>\n\n\n\n<div class=\"wp-block-stackable-text stk-block-text stk-block stk-4b06b43\" data-block-id=\"4b06b43\"><style>.stk-4b06b43 {margin-bottom:16px !important;}.stk-4b06b43 .stk-block-text__text{color:#0f0e17 !important;}<\/style><p class=\"stk-block-text__text has-text-color\">&#8211; Jhonathan Alex Ttito Bustamante<br>&#8211; Alessandro Catenazzi<\/p><\/div>\n\n\n\n<div class=\"wp-block-stackable-text stk-block-text stk-block stk-76d8850\" data-block-id=\"76d8850\"><style>.stk-76d8850 .stk-block-text__text{color:#ffffff !important;}<\/style><p class=\"stk-block-text__text has-text-color\"><strong>Company Email<\/strong>: info@company.com<\/p><\/div>\n<\/div><\/div><\/div>\n<\/div><\/div>\n\n\n\n<div class=\"wp-block-stackable-columns alignwide stk-block-columns stk-block stk-24aa467\" data-block-id=\"24aa467\"><style>.stk-24aa467 {margin-bottom:0px !important;}<\/style><div class=\"stk-row stk-inner-blocks stk-block-content stk-content-align stk-24aa467-column alignwide\">\n<div class=\"wp-block-stackable-column stk-block-column stk-column stk-block stk-1699c62 stk-block-background\" data-v=\"4\" data-block-id=\"1699c62\"><style>.stk-1699c62 {background-color:#f2f2e1 !important;}.stk-1699c62:before{background-color:#f2f2e1 !important;}.stk-1699c62-container{max-width:1500px !important;min-width:auto !important;margin-right:auto !important;margin-left:auto !important;}<\/style><div class=\"stk-column-wrapper stk-block-column__content stk-container stk-1699c62-container stk-hover-parent\"><div class=\"has-text-align-center stk-block-content stk-inner-blocks stk-1699c62-inner-blocks\">\n<div class=\"wp-block-stackable-call-to-action alignwide stk-block-call-to-action stk-block stk-28b8c4d stk-block-background is-style-default\" data-v=\"2\" data-block-id=\"28b8c4d\"><style>.stk-28b8c4d-inner-blocks{align-items:center !important;justify-content:center !important;}.stk-28b8c4d {background-color:#f2f2e1 !important;margin-bottom:0px !important;}.stk-28b8c4d:before{background-color:#f2f2e1 !important;}.stk-28b8c4d .stk-block-call-to-action__content{padding-top:34px !important;padding-bottom:30px !important;}<\/style><div class=\"stk-block-call-to-action__content stk-content-align stk-28b8c4d-column alignwide stk-container stk-28b8c4d-container stk-hover-parent\"><div class=\"has-text-align-center stk--column-flex stk-block-content stk-inner-blocks stk-28b8c4d-inner-blocks\">\n<div class=\"wp-block-stackable-columns alignwide stk-block-columns stk-block stk-53c8503\" data-block-id=\"53c8503\"><style>.stk-53c8503 {min-height:400px !important;align-items:center !important;margin-bottom:0px !important;display:flex !important;}<\/style><div class=\"stk-row stk-inner-blocks stk-block-content stk-content-align stk-53c8503-column alignwide\">\n<div class=\"wp-block-stackable-column stk-block-column stk-column stk-block stk-54bd358\" data-v=\"4\" data-block-id=\"54bd358\"><style>@media screen and (min-width:690px){.stk-54bd358 {flex:var(--stk-flex-grow, 1) 1 calc(20.1% - var(--stk-column-gap, 0px) * 2 \/ 3 ) !important;}}<\/style><div class=\"stk-column-wrapper stk-block-column__content stk-container stk-54bd358-container stk--no-background stk--no-padding\"><div class=\"stk-block-content stk-inner-blocks stk-54bd358-inner-blocks\">\n<div class=\"wp-block-stackable-heading stk-block-heading stk-block-heading--v2 stk-block stk-4ccc4a8\" id=\"objetivos\" data-block-id=\"4ccc4a8\"><style>.stk-4ccc4a8 .stk-block-heading__text{font-size:25px !important;font-weight:bold !important;font-family:\"Lato\", Sans-serif !important;}@media screen and (max-width:999px){.stk-4ccc4a8 .stk-block-heading__text{font-size:25px !important;}}<\/style><h2 class=\"stk-block-heading__text\">OBJETIVOS<\/h2><\/div>\n<\/div><\/div><\/div>\n\n\n\n<div class=\"wp-block-stackable-column stk-block-column stk-column stk-block stk-2b3504c\" data-v=\"4\" data-block-id=\"2b3504c\"><style>@media screen and (min-width:690px){.stk-2b3504c {flex:var(--stk-flex-grow, 1) 1 calc(35.5% - var(--stk-column-gap, 0px) * 2 \/ 3 ) !important;}}<\/style><div class=\"stk-column-wrapper stk-block-column__content stk-container stk-2b3504c-container stk--no-background stk--no-padding\"><div class=\"has-text-align-left stk-block-content stk-inner-blocks stk-2b3504c-inner-blocks\">\n<div class=\"wp-block-stackable-text stk-block-text stk-block stk-4d9a6c8\" data-block-id=\"4d9a6c8\"><style>.stk-4d9a6c8 {margin-bottom:0px !important;}.stk-4d9a6c8 .stk-block-text__text{font-size:22px !important;}@media screen and (max-width:999px){.stk-4d9a6c8 .stk-block-text__text{font-size:22px !important;}}<\/style><p class=\"stk-block-text__text\"><strong><em>Objetivo General:<\/em><\/strong><\/p><\/div>\n\n\n\n<p class=\"has-palette-color-6-color has-text-color has-link-color wp-elements-bf2de6a043488e76a1f35a85fb9c6517\" style=\"font-size:clamp(14px, 0.875rem + ((1vw - 3.2px) * 0.313), 18px);\" data-block-type=\"core\">Evaluar el estado de conservaci\u00f3n, distribuci\u00f3n, abundancia, amenazas y la prevalencia e intensidad del hongo <em>Batrachochytrium dendrobatidis<\/em> en la especie <em>Telmatobius colanensis<\/em> en la cordillera del Col\u00e1n.<\/p>\n<\/div><\/div><\/div>\n\n\n\n<div class=\"wp-block-stackable-column stk-block-column stk-column stk-block stk-69b74a6\" data-v=\"4\" data-block-id=\"69b74a6\"><style>@media screen and (min-width:690px){.stk-69b74a6 {flex:var(--stk-flex-grow, 1) 1 calc(44.4% - var(--stk-column-gap, 0px) * 2 \/ 3 ) !important;}}<\/style><div class=\"stk-column-wrapper stk-block-column__content stk-container stk-69b74a6-container stk--no-background stk--no-padding\"><div class=\"has-text-align-left stk-block-content stk-inner-blocks stk-69b74a6-inner-blocks\">\n<div class=\"wp-block-stackable-text stk-block-text stk-block stk-f3a4570\" data-block-id=\"f3a4570\"><style>.stk-f3a4570 {margin-bottom:0px !important;}.stk-f3a4570 .stk-block-text__text{font-size:22px !important;}@media screen and (max-width:999px){.stk-f3a4570 .stk-block-text__text{font-size:22px !important;}}<\/style><p class=\"stk-block-text__text\"><strong><em>Objetivos Especifico<\/em><\/strong><em>:<\/em><\/p><\/div>\n\n\n\n<p data-block-type=\"core\">Determinar su distribuci\u00f3n conocida y potencial en la cordillera del Col\u00e1n.<\/p>\n\n\n\n<p data-block-type=\"core\">Identificar las principales amenazas para la especie entre ellas la prevalencia e intensidad del hongo <em>Batrachochytrium dendrobatidis<\/em> en la especie.<\/p>\n\n\n\n<p data-block-type=\"core\">Conocer las relaciones filogen\u00e9ticas de parentesco entre estas especies y otros del g\u00e9nero Telmatobius.<\/p>\n\n\n\n<p data-block-type=\"core\">Establecer un programa de monitoreo de la especie en el \u00e1mbito del \u00e1rea de distribuci\u00f3n a determinar.<\/p>\n<\/div><\/div><\/div>\n<\/div><\/div>\n<\/div><\/div><\/div>\n<\/div><\/div><\/div>\n<\/div><\/div>\n\n\n\n<div class=\"wp-block-stackable-text stk-block-text stk-block stk-b905c38\" data-block-id=\"b905c38\"><style>.stk-b905c38 {margin-bottom:0px !important;}.stk-b905c38 .stk-block-text__text{font-size:30px !important;font-weight:200 !important;font-family:\"Cardo\", Sans-serif !important;}@media screen and (max-width:999px){.stk-b905c38 .stk-block-text__text{font-size:30px !important;}}<\/style><p class=\"stk-block-text__text has-text-align-center\"><strong>En colaboraci\u00f3n con<\/strong>:<\/p><\/div>\n\n\n\n<div class=\"wp-block-stackable-columns stk-block-columns stk-block stk-a7547c8\" data-block-id=\"a7547c8\"><style>.stk-a7547c8 {margin-bottom:61px !important;}<\/style><div class=\"stk-row stk-inner-blocks stk-block-content stk-content-align stk-a7547c8-column\">\n<div class=\"wp-block-stackable-column stk-block-column stk-column stk-block stk-adbf708\" data-v=\"4\" data-block-id=\"adbf708\"><style>@media screen and (min-width:690px){.stk-adbf708 {flex:var(--stk-flex-grow, 1) 1 25% !important;}}<\/style><div class=\"stk-column-wrapper stk-block-column__content stk-container stk-adbf708-container stk--no-background stk--no-padding\"><div class=\"stk-block-content stk-inner-blocks stk-adbf708-inner-blocks\">\n<div class=\"wp-block-stackable-image stk-block-image stk-block stk-b61e52e\" data-block-id=\"b61e52e\"><style>.stk-b61e52e .stk-img-wrapper{width:61% !important;height:82px !important;}<\/style><figure><span class=\"stk-img-wrapper stk-image--shape-stretch\"><img loading=\"lazy\" decoding=\"async\" class=\"stk-img wp-image-1121\" src=\"https:\/\/profaunasilvestre.com\/wp-content\/uploads\/2025\/04\/logo-MUBI-H.png\" width=\"400\" height=\"233\" srcset=\"https:\/\/profaunasilvestre.com\/wp-content\/uploads\/2025\/04\/logo-MUBI-H.png 400w, https:\/\/profaunasilvestre.com\/wp-content\/uploads\/2025\/04\/logo-MUBI-H-300x175.png 300w\" sizes=\"auto, (max-width: 400px) 100vw, 400px\" \/><\/span><\/figure><\/div>\n<\/div><\/div><\/div>\n\n\n\n<div class=\"wp-block-stackable-column stk-block-column stk-column stk-block stk-4106eef\" data-v=\"4\" data-block-id=\"4106eef\"><style>@media screen and (min-width:690px){.stk-4106eef {flex:var(--stk-flex-grow, 1) 1 25% !important;}}<\/style><div class=\"stk-column-wrapper stk-block-column__content stk-container stk-4106eef-container stk--no-background stk--no-padding\"><div class=\"stk-block-content stk-inner-blocks stk-4106eef-inner-blocks\">\n<div class=\"wp-block-stackable-image stk-block-image stk-block stk-78c1d2e\" data-block-id=\"78c1d2e\"><style>.stk-78c1d2e .stk-img-wrapper{width:67% !important;height:100px !important;}<\/style><figure><span class=\"stk-img-wrapper stk-image--shape-stretch\"><img loading=\"lazy\" decoding=\"async\" class=\"stk-img wp-image-1117\" src=\"https:\/\/profaunasilvestre.com\/wp-content\/uploads\/2025\/04\/images__1_-removebg-preview.png\" width=\"225\" height=\"225\" srcset=\"https:\/\/profaunasilvestre.com\/wp-content\/uploads\/2025\/04\/images__1_-removebg-preview.png 225w, https:\/\/profaunasilvestre.com\/wp-content\/uploads\/2025\/04\/images__1_-removebg-preview-100x100.png 100w, https:\/\/profaunasilvestre.com\/wp-content\/uploads\/2025\/04\/images__1_-removebg-preview-150x150.png 150w\" sizes=\"auto, (max-width: 225px) 100vw, 225px\" \/><\/span><\/figure><\/div>\n<\/div><\/div><\/div>\n\n\n\n<div class=\"wp-block-stackable-column stk-block-column stk-column stk-block stk-80558a6\" data-v=\"4\" data-block-id=\"80558a6\"><style>@media screen and (min-width:690px){.stk-80558a6 {flex:var(--stk-flex-grow, 1) 1 25% !important;}}<\/style><div class=\"stk-column-wrapper stk-block-column__content stk-container stk-80558a6-container stk--no-background stk--no-padding\"><div class=\"stk-block-content stk-inner-blocks stk-80558a6-inner-blocks\">\n<div class=\"wp-block-stackable-image stk-block-image stk-block stk-052ed11\" data-block-id=\"052ed11\"><style>.stk-052ed11 .stk-img-wrapper{width:31% !important;height:100px !important;}<\/style><figure><span class=\"stk-img-wrapper stk-image--shape-stretch\"><img loading=\"lazy\" decoding=\"async\" class=\"stk-img wp-image-1119\" src=\"https:\/\/profaunasilvestre.com\/wp-content\/uploads\/2025\/04\/WhatsApp_Image_2024-01-04_at_11.36.34_AM-removebg-preview-removebg-preview.png\" width=\"199\" height=\"258\"\/><\/span><\/figure><\/div>\n<\/div><\/div><\/div>\n\n\n\n<div class=\"wp-block-stackable-column stk-block-column stk-column stk-block stk-15c251e\" data-v=\"4\" data-block-id=\"15c251e\"><style>@media screen and (min-width:690px){.stk-15c251e {flex:var(--stk-flex-grow, 1) 1 25% !important;}}<\/style><div class=\"stk-column-wrapper stk-block-column__content stk-container stk-15c251e-container stk--no-background stk--no-padding\"><div class=\"stk-block-content stk-inner-blocks stk-15c251e-inner-blocks\">\n<div class=\"wp-block-stackable-image stk-block-image stk-block stk-d8c8748\" data-block-id=\"d8c8748\"><style>.stk-d8c8748 .stk-img-wrapper{width:49% !important;height:73px !important;}<\/style><figure><span class=\"stk-img-wrapper stk-image--shape-stretch\"><img loading=\"lazy\" decoding=\"async\" class=\"stk-img wp-image-1118\" src=\"https:\/\/profaunasilvestre.com\/wp-content\/uploads\/2025\/04\/images-removebg-preview-1.png\" width=\"225\" height=\"225\" srcset=\"https:\/\/profaunasilvestre.com\/wp-content\/uploads\/2025\/04\/images-removebg-preview-1.png 225w, https:\/\/profaunasilvestre.com\/wp-content\/uploads\/2025\/04\/images-removebg-preview-1-100x100.png 100w, https:\/\/profaunasilvestre.com\/wp-content\/uploads\/2025\/04\/images-removebg-preview-1-150x150.png 150w\" sizes=\"auto, (max-width: 225px) 100vw, 225px\" \/><\/span><\/figure><\/div>\n<\/div><\/div><\/div>\n<\/div><\/div>\n\n\n\n<div class=\"wp-block-stackable-text stk-block-text stk-block stk-a1e6678\" data-block-id=\"a1e6678\"><style>.stk-a1e6678 {margin-bottom:0px !important;}.stk-a1e6678 .stk-block-text__text{font-size:30px !important;font-weight:500 !important;font-family:\"Cardo\", Sans-serif !important;}@media screen and (max-width:999px){.stk-a1e6678 .stk-block-text__text{font-size:30px !important;}}<\/style><p class=\"stk-block-text__text has-text-align-center\"><strong>Ubicaci\u00f3n del proyecto:<\/strong><\/p><\/div>\n\n\n\n<div class=\"wp-block-stackable-map stk-block-map stk-block stk-5482207\" data-block-id=\"5482207\"><iframe\n\t\t\t\t\t\ttitle=\"Embedded content from Google Maps Platform.\"\n\t\t\t\t\t\tsrc=\"https:\/\/maps.google.com\/maps?q=5\u00b031'42.9\"s 78\u00b014'56.5\"w&#038;t=\"&#038;z=12&#038;ie=UTF8&#038;output=embed\"\t\t\t\t\t\tstyle=\"border:0;width:100%;max-width:none;max-height:none;height:100%;\"\t\t\t\t\t\taria-hidden=\"false\"\t\t\t\t\t\ttabIndex=\"0\"\t\t\t\t\t\tallowfullscreen\t\t\t\t\t\tloading=\"lazy\"\t\t\t\t\t\tframeBorder=\"0\"\t\t\t\t\t\"><\/iframe><\/div>","protected":false},"excerpt":{"rendered":"<p>En busca la \u201crana acu\u00e1tica de Colan\u201d Telmatobius colanensis: Evaluaci\u00f3n del estado de conservaci\u00f3n e implementaci\u00f3n de un programa de monitoreo en el Santuario Nacional Cordillera de Col\u00e1n Coordinador del Proyecto: Blgo. V\u00edctor J. Vargas Garc\u00eda Integrantes del Proyecto: &#8211; Jhonathan Alex Ttito Bustamante&#8211; Alessandro Catenazzi Company Email: info@company.com OBJETIVOS Objetivo General: Evaluar el estado [&hellip;]<\/p>\n","protected":false},"author":1,"featured_media":0,"parent":0,"menu_order":0,"comment_status":"closed","ping_status":"closed","template":"","meta":{"footnotes":""},"class_list":["post-1114","page","type-page","status-publish","hentry"],"blocksy_meta":[],"_links":{"self":[{"href":"https:\/\/profaunasilvestre.com\/en\/wp-json\/wp\/v2\/pages\/1114","targetHints":{"allow":["GET"]}}],"collection":[{"href":"https:\/\/profaunasilvestre.com\/en\/wp-json\/wp\/v2\/pages"}],"about":[{"href":"https:\/\/profaunasilvestre.com\/en\/wp-json\/wp\/v2\/types\/page"}],"author":[{"embeddable":true,"href":"https:\/\/profaunasilvestre.com\/en\/wp-json\/wp\/v2\/users\/1"}],"replies":[{"embeddable":true,"href":"https:\/\/profaunasilvestre.com\/en\/wp-json\/wp\/v2\/comments?post=1114"}],"version-history":[{"count":11,"href":"https:\/\/profaunasilvestre.com\/en\/wp-json\/wp\/v2\/pages\/1114\/revisions"}],"predecessor-version":[{"id":3972,"href":"https:\/\/profaunasilvestre.com\/en\/wp-json\/wp\/v2\/pages\/1114\/revisions\/3972"}],"wp:attachment":[{"href":"https:\/\/profaunasilvestre.com\/en\/wp-json\/wp\/v2\/media?parent=1114"}],"curies":[{"name":"wp","href":"https:\/\/api.w.org\/{rel}","templated":true}]}}