{"id":1093,"date":"2025-04-24T16:56:50","date_gmt":"2025-04-24T21:56:50","guid":{"rendered":"https:\/\/profaunasilvestre.com\/proyecto-casma\/"},"modified":"2026-03-19T21:19:26","modified_gmt":"2026-03-20T02:19:26","slug":"proyecto-casma","status":"publish","type":"page","link":"https:\/\/profaunasilvestre.com\/en\/proyecto-casma\/","title":{"rendered":"Proyecto Casma"},"content":{"rendered":"<div class=\"wp-block-stackable-columns stk-block-columns stk-block stk-2f5ccc9\" data-block-id=\"2f5ccc9\"><style>.stk-2f5ccc9 {margin-top:var(--stk--preset--spacing--70, 3.38rem) !important;margin-bottom:var(--stk--preset--spacing--70, 3.38rem) !important;}.stk-2f5ccc9-column{--stk-column-gap:var(--stk--preset--spacing--40, 30px) !important;}<\/style><div class=\"stk-row stk-inner-blocks stk-block-content stk-content-align stk-2f5ccc9-column alignwide\">\n<div class=\"wp-block-stackable-column stk-block-column stk-column stk-block stk-64a46e6\" data-v=\"4\" data-block-id=\"64a46e6\"><div class=\"stk-column-wrapper stk-block-column__content stk-container stk-64a46e6-container stk--no-background stk--no-padding\"><div class=\"stk-block-content stk-inner-blocks stk-64a46e6-inner-blocks\">\n<div class=\"wp-block-stackable-image stk-block-image stk-block stk-7156b38\" data-block-id=\"7156b38\"><style>.stk-7156b38 .stk-img-wrapper{height:488px !important;}<\/style><figure><span class=\"stk-img-wrapper stk-image--shape-stretch\"><img loading=\"lazy\" decoding=\"async\" class=\"stk-img wp-image-2592\" src=\"http:\/\/profaunasilvestre.com\/wp-content\/uploads\/2025\/12\/Paisaje-6-scaled.jpg\" width=\"1706\" height=\"2560\" srcset=\"https:\/\/profaunasilvestre.com\/wp-content\/uploads\/2025\/12\/Paisaje-6-scaled.jpg 1706w, https:\/\/profaunasilvestre.com\/wp-content\/uploads\/2025\/12\/Paisaje-6-200x300.jpg 200w, https:\/\/profaunasilvestre.com\/wp-content\/uploads\/2025\/12\/Paisaje-6-682x1024.jpg 682w, https:\/\/profaunasilvestre.com\/wp-content\/uploads\/2025\/12\/Paisaje-6-768x1153.jpg 768w, https:\/\/profaunasilvestre.com\/wp-content\/uploads\/2025\/12\/Paisaje-6-1024x1536.jpg 1024w, https:\/\/profaunasilvestre.com\/wp-content\/uploads\/2025\/12\/Paisaje-6-1365x2048.jpg 1365w, https:\/\/profaunasilvestre.com\/wp-content\/uploads\/2025\/12\/Paisaje-6-600x900.jpg 600w\" sizes=\"auto, (max-width: 1706px) 100vw, 1706px\" \/><\/span><\/figure><\/div>\n<\/div><\/div><\/div>\n\n\n\n<div class=\"wp-block-stackable-column stk-block-column stk-column stk-block stk-ed04b10\" data-v=\"4\" data-block-id=\"ed04b10\"><style>.stk-ed04b10-inner-blocks{justify-content:center !important;}<\/style><div class=\"stk-column-wrapper stk-block-column__content stk-container stk-ed04b10-container stk--no-background stk--no-padding\"><div class=\"stk--column-flex stk-block-content stk-inner-blocks stk-ed04b10-inner-blocks\">\n<div class=\"wp-block-stackable-heading stk-block-heading stk-block-heading--v2 stk-block stk-c15c3e1\" id=\"product-name-1-placeholder\" data-block-id=\"c15c3e1\"><style>.stk-c15c3e1 .stk-block-heading__text{line-height:1.3em !important;font-family:\"Lora\", Sans-serif !important;}<\/style><h2 class=\"stk-block-heading__text\"><strong>Proyecto: Biodiversidad y conservaci\u00f3n del Humedal San Diego y del Estuario de Casma, Ancash, Per\u00fa<\/strong><\/h2><\/div>\n\n\n\n<div class=\"wp-block-stackable-text stk-block-text stk-block stk-352e803\" data-block-id=\"352e803\"><style>.stk-352e803 {margin-bottom:40px !important;}.stk-352e803 .stk-block-text__text{color:#0f0e17 !important;font-weight:400 !important;font-family:-apple-system, BlinkMacSystemFont, \"Segoe UI\", Roboto, Helvetica, Arial, sans-serif, \"Apple Color Emoji\", \"Segoe UI Emoji\", \"Segoe UI Symbol\" !important;}<\/style><p class=\"stk-block-text__text has-text-color has-text-align-left\">El humedal de San Diego y el estuario del r\u00edo Casma, se localizan en la ecorregi\u00f3n del desierto del Pac\u00edfico en la costa Peruana, en el distrito de Comandante Noel, provincia de Casma, departamento de Ancash. Ambos ecosistemas son de r\u00e9gimen h\u00eddrico temporal, empiezan a colmatarse de agua entre los meses de mayo a junio y mantiene su sistema h\u00eddrico hasta agosto o septiembre para el humedal (200 Ha aproximadamente), el resto de meses se encuentran secos, ambos ecosistemas descargan sus aguas al oc\u00e9ano pac\u00edfico.<\/p><\/div>\n<\/div><\/div><\/div>\n<\/div><\/div>\n\n\n\n<div class=\"wp-block-stackable-columns alignwide stk-block-columns stk-block stk-e2d6e65 stk-block-background\" data-block-id=\"e2d6e65\"><style>.stk-e2d6e65 {background-color:#f2f2e1 !important;}.stk-e2d6e65:before{background-color:#f2f2e1 !important;}<\/style><div class=\"stk-row stk-inner-blocks stk-block-content stk-content-align stk-e2d6e65-column alignwide\">\n<div class=\"wp-block-stackable-column stk-block-column stk-column stk-block stk-e7affb5\" data-v=\"4\" data-block-id=\"e7affb5\"><div class=\"stk-column-wrapper stk-block-column__content stk-container stk-e7affb5-container stk--no-background stk--no-padding\"><div class=\"stk-block-content stk-inner-blocks stk-e7affb5-inner-blocks\">\n<div class=\"wp-block-stackable-columns stk-block-columns stk-block stk-b567c69\" data-block-id=\"b567c69\"><div class=\"stk-row stk-inner-blocks stk-block-content stk-content-align stk-b567c69-column\">\n<div class=\"wp-block-stackable-column stk-block-column stk-column stk-block stk-2792036\" data-v=\"4\" data-block-id=\"2792036\"><style>.stk-2792036-container{padding-top:24px !important;padding-right:24px !important;padding-bottom:24px !important;padding-left:24px !important;}@media screen and (min-width:690px){.stk-2792036 {flex:var(--stk-flex-grow, 1) 1 calc(30.69999999999999% - var(--stk-column-gap, 0px) * 2 \/ 3 ) !important;}}<\/style><div class=\"stk-column-wrapper stk-block-column__content stk-container stk-2792036-container stk--no-background stk--no-padding\"><div class=\"stk-block-content stk-inner-blocks stk-2792036-inner-blocks\">\n<div class=\"wp-block-stackable-subtitle stk-block-subtitle stk-block stk-ae71674\" data-block-id=\"ae71674\"><style>.stk-ae71674 {margin-bottom:8px !important;}.stk-ae71674 .stk-block-subtitle__text{font-size:22px !important;}@media screen and (max-width:999px){.stk-ae71674 .stk-block-subtitle__text{font-size:22px !important;}}<\/style><p class=\"stk-block-subtitle__text stk-subtitle has-text-align-left\"><strong>Responsables del Proyecto:<\/strong><\/p><\/div>\n\n\n\n<div class=\"wp-block-stackable-text stk-block-text stk-block stk-ed203ae\" data-block-id=\"ed203ae\"><style>.stk-ed203ae {margin-bottom:0px !important;}.stk-ed203ae .stk-block-text__text{font-size:18px !important;color:#0f0e17 !important;}@media screen and (max-width:999px){.stk-ed203ae .stk-block-text__text{font-size:18px !important;}}<\/style><p class=\"stk-block-text__text has-text-color has-text-align-left\">Blgo. V\u00edctor Jassmani Vargas Garc\u00eda<\/p><\/div>\n\n\n\n<p class=\"has-palette-color-6-color has-text-color has-link-color wp-elements-afcd97c2a6981e06664f0ba3e5b85291\" style=\"font-size:clamp(14px, 0.875rem + ((1vw - 3.2px) * 0.313), 18px);\" data-block-type=\"core\">Blga. Vanessa Isabel Loarte Diaz<\/p>\n\n\n\n<div class=\"wp-block-stackable-subtitle stk-block-subtitle stk-block stk-efcc23d\" data-block-id=\"efcc23d\"><style>.stk-efcc23d {margin-bottom:8px !important;}.stk-efcc23d .stk-block-subtitle__text{font-size:20px !important;}@media screen and (max-width:999px){.stk-efcc23d .stk-block-subtitle__text{font-size:20px !important;}}<\/style><p class=\"stk-block-subtitle__text stk-subtitle has-text-align-left\"><strong><strong>Objetivos del proyecto:<\/strong><\/strong><\/p><\/div>\n\n\n\n<p class=\"has-palette-color-4-color has-text-color has-link-color wp-elements-af9d60886e2fedf9d896be55bd4be9d8\" style=\"font-size:clamp(14px, 0.875rem + ((1vw - 3.2px) * 0.313), 18px);\" data-block-type=\"core\">1) Inventariar la diversidad de fauna y flora silvestre de estos ecosistemas.<\/p>\n\n\n\n<p class=\"has-black-color has-text-color has-link-color wp-elements-a98427adaaad346ff98544cb02c0595b\" style=\"font-size:clamp(14px, 0.875rem + ((1vw - 3.2px) * 0.313), 18px);\" data-block-type=\"core\">2) Establecer un programa de monitoreo biol\u00f3gico y ambiental.<\/p>\n\n\n\n<p class=\"has-black-color has-text-color has-link-color wp-elements-cc1a85605d1d6272ad7773d4ca17fa77\" style=\"font-size:clamp(14px, 0.875rem + ((1vw - 3.2px) * 0.313), 18px);\" data-block-type=\"core\">3) Sensibilizar y difundir informaci\u00f3n para la conservaci\u00f3n de estos ecosistemas.<\/p>\n<\/div><\/div><\/div>\n\n\n\n<div class=\"wp-block-stackable-column stk-block-column stk-column stk-block stk-99a7a88\" data-v=\"4\" data-block-id=\"99a7a88\"><style>.stk-99a7a88-container{padding-top:24px !important;padding-right:24px !important;padding-bottom:24px !important;padding-left:24px !important;}@media screen and (min-width:690px){.stk-99a7a88 {flex:var(--stk-flex-grow, 1) 1 calc(38.6% - var(--stk-column-gap, 0px) * 2 \/ 3 ) !important;}}<\/style><div class=\"stk-column-wrapper stk-block-column__content stk-container stk-99a7a88-container stk--no-background stk--no-padding\"><div class=\"stk-block-content stk-inner-blocks stk-99a7a88-inner-blocks\">\n<div class=\"wp-block-stackable-subtitle stk-block-subtitle stk-block stk-0fed322\" data-block-id=\"0fed322\"><style>.stk-0fed322 {margin-bottom:8px !important;}.stk-0fed322 .stk-block-subtitle__text{font-size:20px !important;font-weight:300 !important;font-family:-apple-system, BlinkMacSystemFont, \"Segoe UI\", Roboto, Helvetica, Arial, sans-serif, \"Apple Color Emoji\", \"Segoe UI Emoji\", \"Segoe UI Symbol\" !important;}@media screen and (max-width:999px){.stk-0fed322 .stk-block-subtitle__text{font-size:20px !important;}}<\/style><p class=\"stk-block-subtitle__text stk-subtitle has-text-align-left\"><strong><strong>Resultados<\/strong><\/strong><\/p><\/div>\n\n\n\n<div class=\"wp-block-stackable-text stk-block-text stk-block stk-b211546\" data-block-id=\"b211546\"><style>.stk-b211546 {margin-bottom:2px !important;}.stk-b211546 .stk-block-text__text{font-size:18px !important;color:#0f0e17 !important;}@media screen and (max-width:999px){.stk-b211546 .stk-block-text__text{font-size:18px !important;}}<\/style><p class=\"stk-block-text__text has-text-color has-text-align-left\">Desde el a\u00f1o 2018, se viene evaluando la diversidad biol\u00f3gica de estos ecosistemas, utilizando metodolog\u00edas est\u00e1ndares, tanto para la avifauna (puntos de conteo) como para la herpetofauna (registros por encuentro visuales).<\/p><\/div>\n\n\n\n<p class=\"has-black-color has-text-color has-link-color wp-elements-34b4f60f134df4e046c4d0949cf541b7\" style=\"font-size:clamp(14px, 0.875rem + ((1vw - 3.2px) * 0.313), 18px);\" data-block-type=\"core\">Los primeros resultados, permitieron registrar hasta el momento 48 especies de aves y 4 de reptiles y 1 anfibio; adem\u00e1s, se viene caracterizando los h\u00e1bitats para las especies, las potencialidades y de las amenazas de este ecosistema.<\/p>\n\n\n\n<p class=\"has-black-color has-text-color has-link-color wp-elements-e462b5fe99d5fffb205650a81461ad52\" style=\"font-size:clamp(14px, 0.875rem + ((1vw - 3.2px) * 0.313), 18px);\" data-block-type=\"core\">Los desiertos que lo rodean por el sur y los campos agr\u00edcolas por el norte lo convierten en un sistema aprovechable, f\u00e9rtil y de importancia para las poblaciones humanas que viven en sus alrededores, tanto para la agricultura org\u00e1nica y el ecoturismo, adem\u00e1s para la diversidad biol\u00f3gica que alberga.<\/p>\n<\/div><\/div><\/div>\n\n\n\n<div class=\"wp-block-stackable-column stk-block-column stk-column stk-block stk-d66790b\" data-v=\"4\" data-block-id=\"d66790b\"><style>.stk-d66790b-container{padding-top:24px !important;padding-right:24px !important;padding-bottom:24px !important;padding-left:24px !important;}@media screen and (min-width:690px){.stk-d66790b {flex:var(--stk-flex-grow, 1) 1 calc(30.700000000000014% - var(--stk-column-gap, 0px) * 2 \/ 3 ) !important;}}<\/style><div class=\"stk-column-wrapper stk-block-column__content stk-container stk-d66790b-container stk--no-background stk--no-padding\"><div class=\"stk-block-content stk-inner-blocks stk-d66790b-inner-blocks\">\n<div class=\"wp-block-stackable-subtitle stk-block-subtitle stk-block stk-e8bfc05\" data-block-id=\"e8bfc05\"><style>.stk-e8bfc05 {margin-bottom:8px !important;}.stk-e8bfc05 .stk-block-subtitle__text{font-size:20px !important;font-weight:300 !important;font-family:-apple-system, BlinkMacSystemFont, \"Segoe UI\", Roboto, Helvetica, Arial, sans-serif, \"Apple Color Emoji\", \"Segoe UI Emoji\", \"Segoe UI Symbol\" !important;}@media screen and (max-width:999px){.stk-e8bfc05 .stk-block-subtitle__text{font-size:20px !important;}}<\/style><p class=\"stk-block-subtitle__text stk-subtitle has-text-align-left\"><strong><strong>Bibliograf\u00eda:<\/strong><\/strong><\/p><\/div>\n\n\n\n<div class=\"wp-block-stackable-text stk-block-text stk-block stk-f2b3dd9\" data-block-id=\"f2b3dd9\"><style>.stk-f2b3dd9 .stk-block-text__text{font-size:18px !important;color:#0f0e17 !important;}@media screen and (max-width:999px){.stk-f2b3dd9 .stk-block-text__text{font-size:18px !important;}}<\/style><p class=\"stk-block-text__text has-text-color has-text-align-left\">Vargas, V.J, Loarte, V. I., Chipana, O.A, Loarte, C. Y. 2020. El humedal de San Diego y el Estuario del r\u00edo Casma, Ancash, Per\u00fa. biodiversidad, conservaci\u00f3n y amenazas. IV Simposio de Humedales del Per\u00fa, febrero 2020.<\/p><\/div>\n<\/div><\/div><\/div>\n<\/div><\/div>\n<\/div><\/div><\/div>\n<\/div><\/div>\n\n\n\n<div class=\"wp-block-stackable-carousel alignwide stk-block-carousel stk--is-slide stk--arrows-justify-space-between stk--arrows-align-center stk-block stk-801d17a\" data-slides-to-show=\"\" data-block-id=\"801d17a\"><div class=\"stk-block-carousel__content-wrapper\"><div class=\"stk-row stk-inner-blocks stk-block-content stk-block-carousel__slider-wrapper stk-content-align stk-801d17a-column alignwide\"><div class=\"stk-block-carousel__slider\" role=\"list\" data-autoplay=\"4000\" data-label-slide-of=\"Slide %%d of %%d\" tabindex=\"0\">\n<div class=\"wp-block-stackable-column stk-block-column stk-column stk-block stk-341653b\" data-v=\"4\" data-block-id=\"341653b\"><div class=\"stk-column-wrapper stk-block-column__content stk-container stk-341653b-container stk--no-background stk--no-padding\"><div class=\"stk-block-content stk-inner-blocks stk-341653b-inner-blocks\">\n<div class=\"wp-block-stackable-image stk-block-image stk-block stk-20e1ef4\" data-block-id=\"20e1ef4\"><style>.stk-20e1ef4 .stk-img-wrapper{height:400px !important;}<\/style><figure><span class=\"stk-img-wrapper stk-image--shape-stretch\"><img loading=\"lazy\" decoding=\"async\" class=\"stk-img wp-image-1098\" src=\"https:\/\/profaunasilvestre.com\/wp-content\/uploads\/2025\/04\/Microlophus-peruvianus-macho-scaled.jpg\" width=\"2560\" height=\"1373\" srcset=\"https:\/\/profaunasilvestre.com\/wp-content\/uploads\/2025\/04\/Microlophus-peruvianus-macho-scaled.jpg 2560w, https:\/\/profaunasilvestre.com\/wp-content\/uploads\/2025\/04\/Microlophus-peruvianus-macho-scaled-600x322.jpg 600w, https:\/\/profaunasilvestre.com\/wp-content\/uploads\/2025\/04\/Microlophus-peruvianus-macho-300x161.jpg 300w, https:\/\/profaunasilvestre.com\/wp-content\/uploads\/2025\/04\/Microlophus-peruvianus-macho-1024x549.jpg 1024w, https:\/\/profaunasilvestre.com\/wp-content\/uploads\/2025\/04\/Microlophus-peruvianus-macho-768x412.jpg 768w, https:\/\/profaunasilvestre.com\/wp-content\/uploads\/2025\/04\/Microlophus-peruvianus-macho-1536x824.jpg 1536w, https:\/\/profaunasilvestre.com\/wp-content\/uploads\/2025\/04\/Microlophus-peruvianus-macho-2048x1098.jpg 2048w\" sizes=\"auto, (max-width: 2560px) 100vw, 2560px\" \/><\/span><\/figure><\/div>\n<\/div><\/div><\/div>\n\n\n\n<div class=\"wp-block-stackable-column stk-block-column stk-column stk-block stk-80d5d26\" data-v=\"4\" data-block-id=\"80d5d26\"><div class=\"stk-column-wrapper stk-block-column__content stk-container stk-80d5d26-container stk--no-background stk--no-padding\"><div class=\"stk-block-content stk-inner-blocks stk-80d5d26-inner-blocks\">\n<div class=\"wp-block-stackable-image stk-block-image stk-block stk-4de6e86\" data-block-id=\"4de6e86\"><style>.stk-4de6e86 .stk-img-wrapper{height:400px !important;}<\/style><figure><span class=\"stk-img-wrapper stk-image--shape-stretch\"><img loading=\"lazy\" decoding=\"async\" class=\"stk-img wp-image-1108\" src=\"https:\/\/profaunasilvestre.com\/wp-content\/uploads\/2025\/04\/Burhinus-superciliaris-4-scaled.jpg\" width=\"2560\" height=\"1518\" srcset=\"https:\/\/profaunasilvestre.com\/wp-content\/uploads\/2025\/04\/Burhinus-superciliaris-4-scaled.jpg 2560w, https:\/\/profaunasilvestre.com\/wp-content\/uploads\/2025\/04\/Burhinus-superciliaris-4-scaled-600x356.jpg 600w, https:\/\/profaunasilvestre.com\/wp-content\/uploads\/2025\/04\/Burhinus-superciliaris-4-300x178.jpg 300w, https:\/\/profaunasilvestre.com\/wp-content\/uploads\/2025\/04\/Burhinus-superciliaris-4-1024x607.jpg 1024w, https:\/\/profaunasilvestre.com\/wp-content\/uploads\/2025\/04\/Burhinus-superciliaris-4-768x455.jpg 768w, https:\/\/profaunasilvestre.com\/wp-content\/uploads\/2025\/04\/Burhinus-superciliaris-4-1536x911.jpg 1536w, https:\/\/profaunasilvestre.com\/wp-content\/uploads\/2025\/04\/Burhinus-superciliaris-4-2048x1214.jpg 2048w\" sizes=\"auto, (max-width: 2560px) 100vw, 2560px\" \/><\/span><\/figure><\/div>\n<\/div><\/div><\/div>\n\n\n\n<div class=\"wp-block-stackable-column stk-block-column stk-column stk-block stk-1cf6c07\" data-v=\"4\" data-block-id=\"1cf6c07\"><div class=\"stk-column-wrapper stk-block-column__content stk-container stk-1cf6c07-container stk--no-background stk--no-padding\"><div class=\"stk-block-content stk-inner-blocks stk-1cf6c07-inner-blocks\">\n<div class=\"wp-block-stackable-image stk-block-image stk-block stk-f59934e\" data-block-id=\"f59934e\"><style>.stk-f59934e .stk-img-wrapper{height:400px !important;}<\/style><figure><span class=\"stk-img-wrapper stk-image--shape-stretch\"><img loading=\"lazy\" decoding=\"async\" class=\"stk-img wp-image-1102\" src=\"https:\/\/profaunasilvestre.com\/wp-content\/uploads\/2025\/04\/Paisaje-6-scaled.jpg\" width=\"1706\" height=\"2560\" srcset=\"https:\/\/profaunasilvestre.com\/wp-content\/uploads\/2025\/04\/Paisaje-6-scaled.jpg 1706w, https:\/\/profaunasilvestre.com\/wp-content\/uploads\/2025\/04\/Paisaje-6-scaled-600x900.jpg 600w, https:\/\/profaunasilvestre.com\/wp-content\/uploads\/2025\/04\/Paisaje-6-200x300.jpg 200w, https:\/\/profaunasilvestre.com\/wp-content\/uploads\/2025\/04\/Paisaje-6-682x1024.jpg 682w, https:\/\/profaunasilvestre.com\/wp-content\/uploads\/2025\/04\/Paisaje-6-768x1153.jpg 768w, https:\/\/profaunasilvestre.com\/wp-content\/uploads\/2025\/04\/Paisaje-6-1024x1536.jpg 1024w, https:\/\/profaunasilvestre.com\/wp-content\/uploads\/2025\/04\/Paisaje-6-1365x2048.jpg 1365w\" sizes=\"auto, (max-width: 1706px) 100vw, 1706px\" \/><\/span><\/figure><\/div>\n<\/div><\/div><\/div>\n<\/div><div class=\"stk-block-carousel__buttons\"><button class=\"stk-block-carousel__button stk-block-carousel__button__prev\" aria-label=\"Previous slide\"><svg aria-hidden=\"true\" focusable=\"false\" data-prefix=\"fas\" data-icon=\"chevron-left\" class=\"svg-inline--fa fa-chevron-left\" xmlns=\"http:\/\/www.w3.org\/2000\/svg\" viewbox=\"0 0 320 512\" width=\"32\" height=\"32\"><path d=\"M34.52 239.03L228.87 44.69c9.37-9.37 24.57-9.37 33.94 0l22.67 22.67c9.36 9.36 9.37 24.52.04 33.9L131.49 256l154.02 154.75c9.34 9.38 9.32 24.54-.04 33.9l-22.67 22.67c-9.37 9.37-24.57 9.37-33.94 0L34.52 272.97c-9.37-9.37-9.37-24.57 0-33.94z\"><\/path><\/svg><\/button><button class=\"stk-block-carousel__button stk-block-carousel__button__next\" aria-label=\"Next slide\"><svg aria-hidden=\"true\" focusable=\"false\" data-prefix=\"fas\" data-icon=\"chevron-right\" class=\"svg-inline--fa fa-chevron-right\" xmlns=\"http:\/\/www.w3.org\/2000\/svg\" viewbox=\"0 0 320 512\" width=\"32\" height=\"32\"><path d=\"M285.476 272.971L91.132 467.314c-9.373 9.373-24.569 9.373-33.941 0l-22.667-22.667c-9.357-9.357-9.375-24.522-.04-33.901L188.505 256 34.484 101.255c-9.335-9.379-9.317-24.544.04-33.901l22.667-22.667c9.373-9.373 24.569-9.373 33.941 0L285.475 239.03c9.373 9.372 9.373 24.568.001 33.941z\"><\/path><\/svg><\/button><\/div><\/div><div class=\"stk-block-carousel__dots\" role=\"list\" data-label=\"Slide %%d\"><\/div><\/div><\/div>\n\n\n\n<div class=\"wp-block-stackable-spacer stk-block-spacer stk--no-padding stk-block stk-01e68e2\" data-block-id=\"01e68e2\"><style>.stk-01e68e2 {height:0px !important;}<\/style><\/div>\n\n\n\n<details class=\"wp-block-stackable-accordion stk-block-accordion stk-inner-blocks stk-block-content stk-block stk-d525741 is-style-default\" data-block-id=\"d525741\">\n<summary class=\"wp-block-stackable-column stk-block-column stk-column stk-block stk-8a9f933 stk--container-small stk-block-accordion__heading\" data-v=\"4\" data-block-id=\"8a9f933\"><div class=\"stk-column-wrapper stk-block-column__content stk-container stk-8a9f933-container stk-hover-parent\"><div class=\"stk-block-content stk-inner-blocks stk-8a9f933-inner-blocks\">\n<div class=\"wp-block-stackable-icon-label stk-block-icon-label stk-block stk-7e8b7be\" data-block-id=\"7e8b7be\"><div class=\"stk-row stk-inner-blocks stk-block-content\">\n<div class=\"wp-block-stackable-heading stk-block-heading stk-block-heading--v2 stk-block stk-86730f2\" id=\"strong-ubicacion-del-proyecto-strong\" data-block-id=\"86730f2\"><style>.stk-86730f2 .stk-block-heading__text{font-weight:300 !important;font-family:-apple-system, BlinkMacSystemFont, \"Segoe UI\", Roboto, Helvetica, Arial, sans-serif, \"Apple Color Emoji\", \"Segoe UI Emoji\", \"Segoe UI Symbol\" !important;}<\/style><h4 class=\"stk-block-heading__text\"><strong>Ubicaci\u00f3n del proyecto:<\/strong><\/h4><\/div>\n\n\n\n<div class=\"wp-block-stackable-icon stk-block-icon stk-block stk-e2e9b62\" data-block-id=\"e2e9b62\"><span class=\"stk--svg-wrapper\"><div class=\"stk--inner-svg\"><svg style=\"height:0;width:0\"><defs><lineargradient id=\"linear-gradient-e2e9b62\" x1=\"0\" x2=\"100%\" y1=\"0\" y2=\"0\"><stop offset=\"0%\" style=\"stop-opacity:1;stop-color:var(--linear-gradient-e-2-e-9-b-62-color-1)\"><\/stop><stop offset=\"100%\" style=\"stop-opacity:1;stop-color:var(--linear-gradient-e-2-e-9-b-62-color-2)\"><\/stop><\/lineargradient><\/defs><\/svg><svg data-prefix=\"fas\" data-icon=\"chevron-down\" class=\"svg-inline--fa fa-chevron-down fa-w-14\" xmlns=\"http:\/\/www.w3.org\/2000\/svg\" viewbox=\"0 0 448 512\" aria-hidden=\"true\" width=\"32\" height=\"32\"><path fill=\"currentColor\" d=\"M207.029 381.476L12.686 187.132c-9.373-9.373-9.373-24.569 0-33.941l22.667-22.667c9.357-9.357 24.522-9.375 33.901-.04L224 284.505l154.745-154.021c9.379-9.335 24.544-9.317 33.901.04l22.667 22.667c9.373 9.373 9.373 24.569 0 33.941L240.971 381.476c-9.373 9.372-24.569 9.372-33.942 0z\"><\/path><\/svg><\/div><\/span><\/div>\n<\/div><\/div>\n<\/div><\/div><\/summary>\n<\/details>\n\n\n\n<div class=\"wp-block-stackable-map stk-block-map stk-block stk-9671d2e\" data-block-id=\"9671d2e\"><iframe\n\t\t\t\t\t\ttitle=\"Embedded content from Google Maps Platform.\"\n\t\t\t\t\t\tsrc=\"https:\/\/maps.google.com\/maps?q=9\u00b029'27.1\"s 78\u00b021'16.1\"w&#038;t=\"&#038;z=12&#038;ie=UTF8&#038;output=embed\"\t\t\t\t\t\tstyle=\"border:0;width:100%;max-width:none;max-height:none;height:100%;\"\t\t\t\t\t\taria-hidden=\"false\"\t\t\t\t\t\ttabIndex=\"0\"\t\t\t\t\t\tallowfullscreen\t\t\t\t\t\tloading=\"lazy\"\t\t\t\t\t\tframeBorder=\"0\"\t\t\t\t\t\"><\/iframe><\/div>\n\n\n\n<p data-block-type=\"core\"><\/p>\n\n\n\n<p data-block-type=\"core\"><\/p>","protected":false},"excerpt":{"rendered":"<p>Proyecto: Biodiversidad y conservaci\u00f3n del Humedal San Diego y del Estuario de Casma, Ancash, Per\u00fa El humedal de San Diego y el estuario del r\u00edo Casma, se localizan en la ecorregi\u00f3n del desierto del Pac\u00edfico en la costa Peruana, en el distrito de Comandante Noel, provincia de Casma, departamento de Ancash. Ambos ecosistemas son de [&hellip;]<\/p>\n","protected":false},"author":1,"featured_media":0,"parent":0,"menu_order":0,"comment_status":"closed","ping_status":"closed","template":"","meta":{"footnotes":""},"class_list":["post-1093","page","type-page","status-publish","hentry"],"blocksy_meta":[],"_links":{"self":[{"href":"https:\/\/profaunasilvestre.com\/en\/wp-json\/wp\/v2\/pages\/1093","targetHints":{"allow":["GET"]}}],"collection":[{"href":"https:\/\/profaunasilvestre.com\/en\/wp-json\/wp\/v2\/pages"}],"about":[{"href":"https:\/\/profaunasilvestre.com\/en\/wp-json\/wp\/v2\/types\/page"}],"author":[{"embeddable":true,"href":"https:\/\/profaunasilvestre.com\/en\/wp-json\/wp\/v2\/users\/1"}],"replies":[{"embeddable":true,"href":"https:\/\/profaunasilvestre.com\/en\/wp-json\/wp\/v2\/comments?post=1093"}],"version-history":[{"count":12,"href":"https:\/\/profaunasilvestre.com\/en\/wp-json\/wp\/v2\/pages\/1093\/revisions"}],"predecessor-version":[{"id":3979,"href":"https:\/\/profaunasilvestre.com\/en\/wp-json\/wp\/v2\/pages\/1093\/revisions\/3979"}],"wp:attachment":[{"href":"https:\/\/profaunasilvestre.com\/en\/wp-json\/wp\/v2\/media?parent=1093"}],"curies":[{"name":"wp","href":"https:\/\/api.w.org\/{rel}","templated":true}]}}